{"id":15386,"date":"2024-03-14T15:48:43","date_gmt":"2024-03-14T14:48:43","guid":{"rendered":"https:\/\/linoexpress.com\/hu\/?post_type=product&#038;p=15386"},"modified":"2024-03-14T15:49:30","modified_gmt":"2024-03-14T14:49:30","slug":"22-ajandek-enzimes-folteltavolito","status":"publish","type":"product","link":"https:\/\/linoexpress.com\/hu\/termek\/22-ajandek-enzimes-folteltavolito\/","title":{"rendered":"2+2 AJ\u00c1ND\u00c9K- Enzimes foltelt\u00e1vol\u00edt\u00f3"},"content":{"rendered":"","protected":false},"excerpt":{"rendered":"<p>Szabaduljon meg a bosszant\u00f3 makacs foltokt\u00f3l a ruh\u00e1kon csup\u00e1n p\u00e1r perc alatt!<\/p>\n","protected":false},"featured_media":12043,"comment_status":"closed","ping_status":"closed","template":"","meta":{"inline_featured_image":false},"product_brand":[],"product_cat":[27,15],"product_tag":[],"class_list":{"0":"post-15386","1":"product","2":"type-product","3":"status-publish","4":"has-post-thumbnail","6":"product_cat-home","7":"product_cat-uncategorized","9":"first","10":"instock","11":"sale","12":"taxable","13":"shipping-taxable","14":"purchasable","15":"product-type-simple"},"acf":[],"_links":{"self":[{"href":"https:\/\/linoexpress.com\/hu\/wp-json\/wp\/v2\/product\/15386","targetHints":{"allow":["GET"]}}],"collection":[{"href":"https:\/\/linoexpress.com\/hu\/wp-json\/wp\/v2\/product"}],"about":[{"href":"https:\/\/linoexpress.com\/hu\/wp-json\/wp\/v2\/types\/product"}],"replies":[{"embeddable":true,"href":"https:\/\/linoexpress.com\/hu\/wp-json\/wp\/v2\/comments?post=15386"}],"wp:featuredmedia":[{"embeddable":true,"href":"https:\/\/linoexpress.com\/hu\/wp-json\/wp\/v2\/media\/12043"}],"wp:attachment":[{"href":"https:\/\/linoexpress.com\/hu\/wp-json\/wp\/v2\/media?parent=15386"}],"wp:term":[{"taxonomy":"product_brand","embeddable":true,"href":"https:\/\/linoexpress.com\/hu\/wp-json\/wp\/v2\/product_brand?post=15386"},{"taxonomy":"product_cat","embeddable":true,"href":"https:\/\/linoexpress.com\/hu\/wp-json\/wp\/v2\/product_cat?post=15386"},{"taxonomy":"product_tag","embeddable":true,"href":"https:\/\/linoexpress.com\/hu\/wp-json\/wp\/v2\/product_tag?post=15386"}],"curies":[{"name":"wp","href":"https:\/\/api.w.org\/{rel}","templated":true}]}}