{"id":15673,"date":"2024-05-27T10:47:40","date_gmt":"2024-05-27T08:47:40","guid":{"rendered":"https:\/\/linoexpress.com\/hu\/?post_type=product&#038;p=15673"},"modified":"2024-08-20T11:21:47","modified_gmt":"2024-08-20T09:21:47","slug":"takarekpenztar","status":"publish","type":"product","link":"https:\/\/linoexpress.com\/hu\/termek\/takarekpenztar\/","title":{"rendered":"Takar\u00e9kp\u00e9nzt\u00e1r"},"content":{"rendered":"","protected":false},"excerpt":{"rendered":"<p>Ez a praktikus megtakar\u00edt\u00e1si terv doboz egyszer\u0171en \u00e9s k\u00f6nnyen eljuttatja c\u00e9lj\u00e1hoz. Takar\u00edtson meg p\u00e9nzt stressz n\u00e9lk\u00fcl \u00e9s sz\u00f3rakoztat\u00f3 m\u00f3don!<\/p>\n","protected":false},"featured_media":15680,"comment_status":"closed","ping_status":"closed","template":"","meta":{"inline_featured_image":false},"product_brand":[],"product_cat":[15,35],"product_tag":[],"class_list":{"0":"post-15673","1":"product","2":"type-product","3":"status-publish","4":"has-post-thumbnail","6":"product_cat-uncategorized","7":"product_cat-fun","9":"first","10":"instock","11":"sale","12":"taxable","13":"shipping-taxable","14":"purchasable","15":"product-type-variable"},"acf":[],"_links":{"self":[{"href":"https:\/\/linoexpress.com\/hu\/wp-json\/wp\/v2\/product\/15673","targetHints":{"allow":["GET"]}}],"collection":[{"href":"https:\/\/linoexpress.com\/hu\/wp-json\/wp\/v2\/product"}],"about":[{"href":"https:\/\/linoexpress.com\/hu\/wp-json\/wp\/v2\/types\/product"}],"replies":[{"embeddable":true,"href":"https:\/\/linoexpress.com\/hu\/wp-json\/wp\/v2\/comments?post=15673"}],"wp:featuredmedia":[{"embeddable":true,"href":"https:\/\/linoexpress.com\/hu\/wp-json\/wp\/v2\/media\/15680"}],"wp:attachment":[{"href":"https:\/\/linoexpress.com\/hu\/wp-json\/wp\/v2\/media?parent=15673"}],"wp:term":[{"taxonomy":"product_brand","embeddable":true,"href":"https:\/\/linoexpress.com\/hu\/wp-json\/wp\/v2\/product_brand?post=15673"},{"taxonomy":"product_cat","embeddable":true,"href":"https:\/\/linoexpress.com\/hu\/wp-json\/wp\/v2\/product_cat?post=15673"},{"taxonomy":"product_tag","embeddable":true,"href":"https:\/\/linoexpress.com\/hu\/wp-json\/wp\/v2\/product_tag?post=15673"}],"curies":[{"name":"wp","href":"https:\/\/api.w.org\/{rel}","templated":true}]}}