{"id":15706,"date":"2024-05-28T11:41:47","date_gmt":"2024-05-28T09:41:47","guid":{"rendered":"https:\/\/linoexpress.com\/hu\/?post_type=product&#038;p=15706"},"modified":"2024-09-24T12:01:42","modified_gmt":"2024-09-24T10:01:42","slug":"montessori-magneses-jatek-matematika-tanulashoz","status":"publish","type":"product","link":"https:\/\/linoexpress.com\/hu\/termek\/montessori-magneses-jatek-matematika-tanulashoz\/","title":{"rendered":"Montessori m\u00e1gneses j\u00e1t\u00e9k matematika tanul\u00e1shoz"},"content":{"rendered":"","protected":false},"excerpt":{"rendered":"<p>Innovat\u00edv megk\u00f6zel\u00edt\u00e9s a matematikai m\u0171veletek tan\u00edt\u00e1s\u00e1ban. Tan\u00edtsd meg a gyerekeknek a matematik\u00e1t j\u00e1t\u00e9kon \u00e9s vizu\u00e1lis \u00e1br\u00e1zol\u00e1son kereszt\u00fcl!<\/p>\n","protected":false},"featured_media":15709,"comment_status":"closed","ping_status":"closed","template":"","meta":{"inline_featured_image":false},"product_brand":[],"product_cat":[15,35],"product_tag":[],"class_list":{"0":"post-15706","1":"product","2":"type-product","3":"status-publish","4":"has-post-thumbnail","6":"product_cat-uncategorized","7":"product_cat-fun","9":"first","10":"instock","11":"sale","12":"taxable","13":"shipping-taxable","14":"purchasable","15":"product-type-simple"},"acf":[],"_links":{"self":[{"href":"https:\/\/linoexpress.com\/hu\/wp-json\/wp\/v2\/product\/15706","targetHints":{"allow":["GET"]}}],"collection":[{"href":"https:\/\/linoexpress.com\/hu\/wp-json\/wp\/v2\/product"}],"about":[{"href":"https:\/\/linoexpress.com\/hu\/wp-json\/wp\/v2\/types\/product"}],"replies":[{"embeddable":true,"href":"https:\/\/linoexpress.com\/hu\/wp-json\/wp\/v2\/comments?post=15706"}],"wp:featuredmedia":[{"embeddable":true,"href":"https:\/\/linoexpress.com\/hu\/wp-json\/wp\/v2\/media\/15709"}],"wp:attachment":[{"href":"https:\/\/linoexpress.com\/hu\/wp-json\/wp\/v2\/media?parent=15706"}],"wp:term":[{"taxonomy":"product_brand","embeddable":true,"href":"https:\/\/linoexpress.com\/hu\/wp-json\/wp\/v2\/product_brand?post=15706"},{"taxonomy":"product_cat","embeddable":true,"href":"https:\/\/linoexpress.com\/hu\/wp-json\/wp\/v2\/product_cat?post=15706"},{"taxonomy":"product_tag","embeddable":true,"href":"https:\/\/linoexpress.com\/hu\/wp-json\/wp\/v2\/product_tag?post=15706"}],"curies":[{"name":"wp","href":"https:\/\/api.w.org\/{rel}","templated":true}]}}