{"id":15713,"date":"2024-05-28T14:10:31","date_gmt":"2024-05-28T12:10:31","guid":{"rendered":"https:\/\/linoexpress.com\/hu\/?post_type=product&#038;p=15713"},"modified":"2024-12-16T20:13:34","modified_gmt":"2024-12-16T19:13:34","slug":"csendes-kosarlabda","status":"publish","type":"product","link":"https:\/\/linoexpress.com\/hu\/termek\/csendes-kosarlabda\/","title":{"rendered":"Csendes kos\u00e1rlabda"},"content":{"rendered":"","protected":false},"excerpt":{"rendered":"<p>Egy csendes labda lak\u00e1sban vagy h\u00e1zban val\u00f3 j\u00e1t\u00e9khoz ide\u00e1lis a sz\u00f3rakoz\u00e1shoz an\u00e9lk\u00fcl, hogy nagy zajt keltene!<\/p>\n","protected":false},"featured_media":15716,"comment_status":"closed","ping_status":"closed","template":"","meta":{"inline_featured_image":false},"product_brand":[],"product_cat":[15,35],"product_tag":[],"class_list":{"0":"post-15713","1":"product","2":"type-product","3":"status-publish","4":"has-post-thumbnail","6":"product_cat-uncategorized","7":"product_cat-fun","9":"first","10":"instock","11":"sale","12":"taxable","13":"shipping-taxable","14":"purchasable","15":"product-type-simple"},"acf":[],"_links":{"self":[{"href":"https:\/\/linoexpress.com\/hu\/wp-json\/wp\/v2\/product\/15713","targetHints":{"allow":["GET"]}}],"collection":[{"href":"https:\/\/linoexpress.com\/hu\/wp-json\/wp\/v2\/product"}],"about":[{"href":"https:\/\/linoexpress.com\/hu\/wp-json\/wp\/v2\/types\/product"}],"replies":[{"embeddable":true,"href":"https:\/\/linoexpress.com\/hu\/wp-json\/wp\/v2\/comments?post=15713"}],"wp:featuredmedia":[{"embeddable":true,"href":"https:\/\/linoexpress.com\/hu\/wp-json\/wp\/v2\/media\/15716"}],"wp:attachment":[{"href":"https:\/\/linoexpress.com\/hu\/wp-json\/wp\/v2\/media?parent=15713"}],"wp:term":[{"taxonomy":"product_brand","embeddable":true,"href":"https:\/\/linoexpress.com\/hu\/wp-json\/wp\/v2\/product_brand?post=15713"},{"taxonomy":"product_cat","embeddable":true,"href":"https:\/\/linoexpress.com\/hu\/wp-json\/wp\/v2\/product_cat?post=15713"},{"taxonomy":"product_tag","embeddable":true,"href":"https:\/\/linoexpress.com\/hu\/wp-json\/wp\/v2\/product_tag?post=15713"}],"curies":[{"name":"wp","href":"https:\/\/api.w.org\/{rel}","templated":true}]}}