{"id":15734,"date":"2024-05-29T08:44:02","date_gmt":"2024-05-29T06:44:02","guid":{"rendered":"https:\/\/linoexpress.com\/hu\/?post_type=product&#038;p=15734"},"modified":"2024-09-09T14:55:17","modified_gmt":"2024-09-09T12:55:17","slug":"hajcsavaro-hullamok-keltesehez","status":"publish","type":"product","link":"https:\/\/linoexpress.com\/hu\/termek\/hajcsavaro-hullamok-keltesehez\/","title":{"rendered":"Hajcsavar\u00f3 hull\u00e1mok kelt\u00e9s\u00e9hez"},"content":{"rendered":"","protected":false},"excerpt":{"rendered":"<p>Form\u00e1lja haj\u00e1t ezzel a praktikus hajcsavar\u00f3val, hogy n\u00e9h\u00e1ny egyszer\u0171 mozdulattal gy\u00f6ny\u00f6r\u0171 hull\u00e1mokat hozzon l\u00e9tre!<\/p>\n","protected":false},"featured_media":15741,"comment_status":"closed","ping_status":"closed","template":"","meta":{"inline_featured_image":false},"product_brand":[],"product_cat":[28,15],"product_tag":[],"class_list":{"0":"post-15734","1":"product","2":"type-product","3":"status-publish","4":"has-post-thumbnail","6":"product_cat-beauty","7":"product_cat-uncategorized","9":"first","10":"instock","11":"sale","12":"taxable","13":"shipping-taxable","14":"purchasable","15":"product-type-simple"},"acf":[],"_links":{"self":[{"href":"https:\/\/linoexpress.com\/hu\/wp-json\/wp\/v2\/product\/15734","targetHints":{"allow":["GET"]}}],"collection":[{"href":"https:\/\/linoexpress.com\/hu\/wp-json\/wp\/v2\/product"}],"about":[{"href":"https:\/\/linoexpress.com\/hu\/wp-json\/wp\/v2\/types\/product"}],"replies":[{"embeddable":true,"href":"https:\/\/linoexpress.com\/hu\/wp-json\/wp\/v2\/comments?post=15734"}],"wp:featuredmedia":[{"embeddable":true,"href":"https:\/\/linoexpress.com\/hu\/wp-json\/wp\/v2\/media\/15741"}],"wp:attachment":[{"href":"https:\/\/linoexpress.com\/hu\/wp-json\/wp\/v2\/media?parent=15734"}],"wp:term":[{"taxonomy":"product_brand","embeddable":true,"href":"https:\/\/linoexpress.com\/hu\/wp-json\/wp\/v2\/product_brand?post=15734"},{"taxonomy":"product_cat","embeddable":true,"href":"https:\/\/linoexpress.com\/hu\/wp-json\/wp\/v2\/product_cat?post=15734"},{"taxonomy":"product_tag","embeddable":true,"href":"https:\/\/linoexpress.com\/hu\/wp-json\/wp\/v2\/product_tag?post=15734"}],"curies":[{"name":"wp","href":"https:\/\/api.w.org\/{rel}","templated":true}]}}