{"id":15877,"date":"2024-06-04T13:38:00","date_gmt":"2024-06-04T11:38:00","guid":{"rendered":"https:\/\/linoexpress.com\/hu\/?post_type=product&#038;p=15877"},"modified":"2024-06-04T13:40:38","modified_gmt":"2024-06-04T11:40:38","slug":"muanyag-menetek-csovekhez-6-db","status":"publish","type":"product","link":"https:\/\/linoexpress.com\/hu\/termek\/muanyag-menetek-csovekhez-6-db\/","title":{"rendered":"M\u0171anyag menetek cs\u00f6vekhez &#8211; 6 db"},"content":{"rendered":"","protected":false},"excerpt":{"rendered":"<p>Kiv\u00e1l\u00f3 menetk\u00e9szlet a gyors \u00e9s hat\u00e9kony munkav\u00e9gz\u00e9shez. Minden, ami a k\u00fcl\u00f6nb\u00f6z\u0151 t\u00edpus\u00fa cs\u00f6vek min\u0151s\u00e9gi jav\u00edt\u00e1s\u00e1hoz sz\u00fcks\u00e9ges!<\/p>\n","protected":false},"featured_media":15880,"comment_status":"closed","ping_status":"closed","template":"","meta":{"inline_featured_image":false},"product_brand":[],"product_cat":[27,15],"product_tag":[],"class_list":{"0":"post-15877","1":"product","2":"type-product","3":"status-publish","4":"has-post-thumbnail","6":"product_cat-home","7":"product_cat-uncategorized","9":"first","10":"instock","11":"sale","12":"taxable","13":"shipping-taxable","14":"purchasable","15":"product-type-simple"},"acf":[],"_links":{"self":[{"href":"https:\/\/linoexpress.com\/hu\/wp-json\/wp\/v2\/product\/15877","targetHints":{"allow":["GET"]}}],"collection":[{"href":"https:\/\/linoexpress.com\/hu\/wp-json\/wp\/v2\/product"}],"about":[{"href":"https:\/\/linoexpress.com\/hu\/wp-json\/wp\/v2\/types\/product"}],"replies":[{"embeddable":true,"href":"https:\/\/linoexpress.com\/hu\/wp-json\/wp\/v2\/comments?post=15877"}],"wp:featuredmedia":[{"embeddable":true,"href":"https:\/\/linoexpress.com\/hu\/wp-json\/wp\/v2\/media\/15880"}],"wp:attachment":[{"href":"https:\/\/linoexpress.com\/hu\/wp-json\/wp\/v2\/media?parent=15877"}],"wp:term":[{"taxonomy":"product_brand","embeddable":true,"href":"https:\/\/linoexpress.com\/hu\/wp-json\/wp\/v2\/product_brand?post=15877"},{"taxonomy":"product_cat","embeddable":true,"href":"https:\/\/linoexpress.com\/hu\/wp-json\/wp\/v2\/product_cat?post=15877"},{"taxonomy":"product_tag","embeddable":true,"href":"https:\/\/linoexpress.com\/hu\/wp-json\/wp\/v2\/product_tag?post=15877"}],"curies":[{"name":"wp","href":"https:\/\/api.w.org\/{rel}","templated":true}]}}