{"id":16387,"date":"2024-09-10T08:28:11","date_gmt":"2024-09-10T06:28:11","guid":{"rendered":"https:\/\/linoexpress.com\/hu\/?post_type=product&#038;p=16387"},"modified":"2025-07-24T14:23:27","modified_gmt":"2025-07-24T12:23:27","slug":"eroteljes-magnesezo-deaktivator","status":"publish","type":"product","link":"https:\/\/linoexpress.com\/hu\/termek\/eroteljes-magnesezo-deaktivator\/","title":{"rendered":"Er\u0151teljes m\u00e1gnesez\u0151 deaktiv\u00e1tor"},"content":{"rendered":"","protected":false},"excerpt":{"rendered":"<p>Ez a hat\u00e1stalan\u00edt\u00f3 nemcsak elt\u00e1vol\u00edtja a nyomokat a ruh\u00e1zatr\u00f3l, hanem id\u0151t \u00e9s p\u00e9nzt takar\u00edt meg!<\/p>\n","protected":false},"featured_media":16389,"comment_status":"closed","ping_status":"closed","template":"","meta":{"inline_featured_image":false},"product_brand":[],"product_cat":[27,15],"product_tag":[],"class_list":{"0":"post-16387","1":"product","2":"type-product","3":"status-publish","4":"has-post-thumbnail","6":"product_cat-home","7":"product_cat-uncategorized","9":"first","10":"instock","11":"sale","12":"taxable","13":"shipping-taxable","14":"purchasable","15":"product-type-simple"},"acf":[],"_links":{"self":[{"href":"https:\/\/linoexpress.com\/hu\/wp-json\/wp\/v2\/product\/16387","targetHints":{"allow":["GET"]}}],"collection":[{"href":"https:\/\/linoexpress.com\/hu\/wp-json\/wp\/v2\/product"}],"about":[{"href":"https:\/\/linoexpress.com\/hu\/wp-json\/wp\/v2\/types\/product"}],"replies":[{"embeddable":true,"href":"https:\/\/linoexpress.com\/hu\/wp-json\/wp\/v2\/comments?post=16387"}],"wp:featuredmedia":[{"embeddable":true,"href":"https:\/\/linoexpress.com\/hu\/wp-json\/wp\/v2\/media\/16389"}],"wp:attachment":[{"href":"https:\/\/linoexpress.com\/hu\/wp-json\/wp\/v2\/media?parent=16387"}],"wp:term":[{"taxonomy":"product_brand","embeddable":true,"href":"https:\/\/linoexpress.com\/hu\/wp-json\/wp\/v2\/product_brand?post=16387"},{"taxonomy":"product_cat","embeddable":true,"href":"https:\/\/linoexpress.com\/hu\/wp-json\/wp\/v2\/product_cat?post=16387"},{"taxonomy":"product_tag","embeddable":true,"href":"https:\/\/linoexpress.com\/hu\/wp-json\/wp\/v2\/product_tag?post=16387"}],"curies":[{"name":"wp","href":"https:\/\/api.w.org\/{rel}","templated":true}]}}