{"id":16516,"date":"2024-09-24T12:22:43","date_gmt":"2024-09-24T10:22:43","guid":{"rendered":"https:\/\/linoexpress.com\/hu\/?post_type=product&#038;p=16516"},"modified":"2024-10-14T10:47:19","modified_gmt":"2024-10-14T08:47:19","slug":"11-ajandek-takarekpenztar","status":"publish","type":"product","link":"https:\/\/linoexpress.com\/hu\/termek\/11-ajandek-takarekpenztar\/","title":{"rendered":"1+1 AJ\u00c1ND\u00c9K Takar\u00e9kp\u00e9nzt\u00e1r"},"content":{"rendered":"","protected":false},"excerpt":{"rendered":"<p>Ez a praktikus megtakar\u00edt\u00e1si terv doboz egyszer\u0171en \u00e9s k\u00f6nnyen eljuttatja c\u00e9lj\u00e1hoz. Takar\u00edtson meg p\u00e9nzt stressz n\u00e9lk\u00fcl \u00e9s sz\u00f3rakoztat\u00f3 m\u00f3don!<\/p>\n","protected":false},"featured_media":15680,"comment_status":"closed","ping_status":"closed","template":"","meta":{"inline_featured_image":false},"product_brand":[],"product_cat":[15,35],"product_tag":[],"class_list":{"0":"post-16516","1":"product","2":"type-product","3":"status-publish","4":"has-post-thumbnail","6":"product_cat-uncategorized","7":"product_cat-fun","9":"first","10":"instock","11":"sale","12":"taxable","13":"shipping-taxable","14":"purchasable","15":"product-type-simple"},"acf":[],"_links":{"self":[{"href":"https:\/\/linoexpress.com\/hu\/wp-json\/wp\/v2\/product\/16516","targetHints":{"allow":["GET"]}}],"collection":[{"href":"https:\/\/linoexpress.com\/hu\/wp-json\/wp\/v2\/product"}],"about":[{"href":"https:\/\/linoexpress.com\/hu\/wp-json\/wp\/v2\/types\/product"}],"replies":[{"embeddable":true,"href":"https:\/\/linoexpress.com\/hu\/wp-json\/wp\/v2\/comments?post=16516"}],"wp:featuredmedia":[{"embeddable":true,"href":"https:\/\/linoexpress.com\/hu\/wp-json\/wp\/v2\/media\/15680"}],"wp:attachment":[{"href":"https:\/\/linoexpress.com\/hu\/wp-json\/wp\/v2\/media?parent=16516"}],"wp:term":[{"taxonomy":"product_brand","embeddable":true,"href":"https:\/\/linoexpress.com\/hu\/wp-json\/wp\/v2\/product_brand?post=16516"},{"taxonomy":"product_cat","embeddable":true,"href":"https:\/\/linoexpress.com\/hu\/wp-json\/wp\/v2\/product_cat?post=16516"},{"taxonomy":"product_tag","embeddable":true,"href":"https:\/\/linoexpress.com\/hu\/wp-json\/wp\/v2\/product_tag?post=16516"}],"curies":[{"name":"wp","href":"https:\/\/api.w.org\/{rel}","templated":true}]}}