{"id":16922,"date":"2024-10-28T08:15:55","date_gmt":"2024-10-28T07:15:55","guid":{"rendered":"https:\/\/linoexpress.com\/hu\/?post_type=product&#038;p=16922"},"modified":"2024-11-04T09:17:22","modified_gmt":"2024-11-04T08:17:22","slug":"keszlet-horgolas-es-kotes-tanulasahoz","status":"publish","type":"product","link":"https:\/\/linoexpress.com\/hu\/termek\/keszlet-horgolas-es-kotes-tanulasahoz\/","title":{"rendered":"K\u00e9szlet horgol\u00e1s \u00e9s k\u00f6t\u00e9s tanul\u00e1s\u00e1hoz"},"content":{"rendered":"","protected":false},"excerpt":{"rendered":"<p>A moderniz\u00e1lt k\u00f6t\u00e9sm\u00f3d minden hobbi szerelmes\u00e9t \u00e9s mindazt meg\u00f6rvendezteti, aki csak azz\u00e1 szeretne v\u00e1lni!<\/p>\n","protected":false},"featured_media":16923,"comment_status":"closed","ping_status":"closed","template":"","meta":{"inline_featured_image":false},"product_brand":[],"product_cat":[15,35],"product_tag":[],"class_list":{"0":"post-16922","1":"product","2":"type-product","3":"status-publish","4":"has-post-thumbnail","6":"product_cat-uncategorized","7":"product_cat-fun","9":"first","10":"instock","11":"sale","12":"taxable","13":"shipping-taxable","14":"purchasable","15":"product-type-simple"},"acf":[],"_links":{"self":[{"href":"https:\/\/linoexpress.com\/hu\/wp-json\/wp\/v2\/product\/16922","targetHints":{"allow":["GET"]}}],"collection":[{"href":"https:\/\/linoexpress.com\/hu\/wp-json\/wp\/v2\/product"}],"about":[{"href":"https:\/\/linoexpress.com\/hu\/wp-json\/wp\/v2\/types\/product"}],"replies":[{"embeddable":true,"href":"https:\/\/linoexpress.com\/hu\/wp-json\/wp\/v2\/comments?post=16922"}],"wp:featuredmedia":[{"embeddable":true,"href":"https:\/\/linoexpress.com\/hu\/wp-json\/wp\/v2\/media\/16923"}],"wp:attachment":[{"href":"https:\/\/linoexpress.com\/hu\/wp-json\/wp\/v2\/media?parent=16922"}],"wp:term":[{"taxonomy":"product_brand","embeddable":true,"href":"https:\/\/linoexpress.com\/hu\/wp-json\/wp\/v2\/product_brand?post=16922"},{"taxonomy":"product_cat","embeddable":true,"href":"https:\/\/linoexpress.com\/hu\/wp-json\/wp\/v2\/product_cat?post=16922"},{"taxonomy":"product_tag","embeddable":true,"href":"https:\/\/linoexpress.com\/hu\/wp-json\/wp\/v2\/product_tag?post=16922"}],"curies":[{"name":"wp","href":"https:\/\/api.w.org\/{rel}","templated":true}]}}