{"id":16928,"date":"2024-10-28T09:47:01","date_gmt":"2024-10-28T08:47:01","guid":{"rendered":"https:\/\/linoexpress.com\/hu\/?post_type=product&#038;p=16928"},"modified":"2024-12-01T16:53:20","modified_gmt":"2024-12-01T15:53:20","slug":"karacsonyi-naptar-ajandekokkal","status":"publish","type":"product","link":"https:\/\/linoexpress.com\/hu\/termek\/karacsonyi-naptar-ajandekokkal\/","title":{"rendered":"Kar\u00e1csonyi napt\u00e1r aj\u00e1nd\u00e9kokkal"},"content":{"rendered":"","protected":false},"excerpt":{"rendered":"<p>Tedd fel az \u00fcnnepek el\u0151tti napokat ezzel a csod\u00e1latos adventi napt\u00e1rral \u00e9s a meglepet\u00e9sekkel, amiket tartogat sz\u00e1modra!<\/p>\n","protected":false},"featured_media":16932,"comment_status":"closed","ping_status":"closed","template":"","meta":{"inline_featured_image":false},"product_brand":[],"product_cat":[15,35],"product_tag":[],"class_list":{"0":"post-16928","1":"product","2":"type-product","3":"status-publish","4":"has-post-thumbnail","6":"product_cat-uncategorized","7":"product_cat-fun","9":"first","10":"instock","11":"sale","12":"taxable","13":"shipping-taxable","14":"purchasable","15":"product-type-simple"},"acf":[],"_links":{"self":[{"href":"https:\/\/linoexpress.com\/hu\/wp-json\/wp\/v2\/product\/16928","targetHints":{"allow":["GET"]}}],"collection":[{"href":"https:\/\/linoexpress.com\/hu\/wp-json\/wp\/v2\/product"}],"about":[{"href":"https:\/\/linoexpress.com\/hu\/wp-json\/wp\/v2\/types\/product"}],"replies":[{"embeddable":true,"href":"https:\/\/linoexpress.com\/hu\/wp-json\/wp\/v2\/comments?post=16928"}],"wp:featuredmedia":[{"embeddable":true,"href":"https:\/\/linoexpress.com\/hu\/wp-json\/wp\/v2\/media\/16932"}],"wp:attachment":[{"href":"https:\/\/linoexpress.com\/hu\/wp-json\/wp\/v2\/media?parent=16928"}],"wp:term":[{"taxonomy":"product_brand","embeddable":true,"href":"https:\/\/linoexpress.com\/hu\/wp-json\/wp\/v2\/product_brand?post=16928"},{"taxonomy":"product_cat","embeddable":true,"href":"https:\/\/linoexpress.com\/hu\/wp-json\/wp\/v2\/product_cat?post=16928"},{"taxonomy":"product_tag","embeddable":true,"href":"https:\/\/linoexpress.com\/hu\/wp-json\/wp\/v2\/product_tag?post=16928"}],"curies":[{"name":"wp","href":"https:\/\/api.w.org\/{rel}","templated":true}]}}