{"id":16934,"date":"2024-10-28T10:48:02","date_gmt":"2024-10-28T09:48:02","guid":{"rendered":"https:\/\/linoexpress.com\/hu\/?post_type=product&#038;p=16934"},"modified":"2025-09-18T10:22:35","modified_gmt":"2025-09-18T08:22:35","slug":"pihenteto-mini-konyvespolcok","status":"publish","type":"product","link":"https:\/\/linoexpress.com\/hu\/termek\/pihenteto-mini-konyvespolcok\/","title":{"rendered":"Pihentet\u0151 mini k\u00f6nyvespolcok"},"content":{"rendered":"","protected":false},"excerpt":{"rendered":"<p>Szabaduljon meg a szorong\u00e1st\u00f3l \u00e9s a fesz\u00fclts\u00e9gt\u0151l ezzel a pihentet\u0151 kis k\u00f6nyvespolccal. Rendezd el a k\u00f6nyveket \u00e9s tal\u00e1ld meg a b\u00e9k\u00e9t!<\/p>\n","protected":false},"featured_media":16938,"comment_status":"closed","ping_status":"closed","template":"","meta":{"inline_featured_image":false},"product_brand":[],"product_cat":[27,15,35],"product_tag":[],"class_list":{"0":"post-16934","1":"product","2":"type-product","3":"status-publish","4":"has-post-thumbnail","6":"product_cat-home","7":"product_cat-uncategorized","8":"product_cat-fun","10":"first","11":"instock","12":"sale","13":"taxable","14":"shipping-taxable","15":"purchasable","16":"product-type-simple"},"acf":[],"_links":{"self":[{"href":"https:\/\/linoexpress.com\/hu\/wp-json\/wp\/v2\/product\/16934","targetHints":{"allow":["GET"]}}],"collection":[{"href":"https:\/\/linoexpress.com\/hu\/wp-json\/wp\/v2\/product"}],"about":[{"href":"https:\/\/linoexpress.com\/hu\/wp-json\/wp\/v2\/types\/product"}],"replies":[{"embeddable":true,"href":"https:\/\/linoexpress.com\/hu\/wp-json\/wp\/v2\/comments?post=16934"}],"wp:featuredmedia":[{"embeddable":true,"href":"https:\/\/linoexpress.com\/hu\/wp-json\/wp\/v2\/media\/16938"}],"wp:attachment":[{"href":"https:\/\/linoexpress.com\/hu\/wp-json\/wp\/v2\/media?parent=16934"}],"wp:term":[{"taxonomy":"product_brand","embeddable":true,"href":"https:\/\/linoexpress.com\/hu\/wp-json\/wp\/v2\/product_brand?post=16934"},{"taxonomy":"product_cat","embeddable":true,"href":"https:\/\/linoexpress.com\/hu\/wp-json\/wp\/v2\/product_cat?post=16934"},{"taxonomy":"product_tag","embeddable":true,"href":"https:\/\/linoexpress.com\/hu\/wp-json\/wp\/v2\/product_tag?post=16934"}],"curies":[{"name":"wp","href":"https:\/\/api.w.org\/{rel}","templated":true}]}}