{"id":16953,"date":"2024-10-30T12:31:44","date_gmt":"2024-10-30T11:31:44","guid":{"rendered":"https:\/\/linoexpress.com\/hu\/?post_type=product&#038;p=16953"},"modified":"2024-10-30T12:37:14","modified_gmt":"2024-10-30T11:37:14","slug":"2-az-1-ben-mop-a-tisztitashoz","status":"publish","type":"product","link":"https:\/\/linoexpress.com\/hu\/termek\/2-az-1-ben-mop-a-tisztitashoz\/","title":{"rendered":"2 az 1-ben Mop a tiszt\u00edt\u00e1shoz"},"content":{"rendered":"","protected":false},"excerpt":{"rendered":"<p>Ez a kiv\u00e1l\u00f3 min\u0151s\u00e9g\u0171 felmos\u00f3 nagyon hat\u00e9konyan \u00e9s gyorsan tiszt\u00edt. Ide\u00e1lis sz\u00e1raz \u00e9s nedves tiszt\u00edt\u00e1shoz!<\/p>\n","protected":false},"featured_media":16955,"comment_status":"closed","ping_status":"closed","template":"","meta":{"inline_featured_image":false},"product_brand":[],"product_cat":[27,15],"product_tag":[],"class_list":{"0":"post-16953","1":"product","2":"type-product","3":"status-publish","4":"has-post-thumbnail","6":"product_cat-home","7":"product_cat-uncategorized","9":"first","10":"instock","11":"sale","12":"taxable","13":"shipping-taxable","14":"purchasable","15":"product-type-simple"},"acf":[],"_links":{"self":[{"href":"https:\/\/linoexpress.com\/hu\/wp-json\/wp\/v2\/product\/16953","targetHints":{"allow":["GET"]}}],"collection":[{"href":"https:\/\/linoexpress.com\/hu\/wp-json\/wp\/v2\/product"}],"about":[{"href":"https:\/\/linoexpress.com\/hu\/wp-json\/wp\/v2\/types\/product"}],"replies":[{"embeddable":true,"href":"https:\/\/linoexpress.com\/hu\/wp-json\/wp\/v2\/comments?post=16953"}],"wp:featuredmedia":[{"embeddable":true,"href":"https:\/\/linoexpress.com\/hu\/wp-json\/wp\/v2\/media\/16955"}],"wp:attachment":[{"href":"https:\/\/linoexpress.com\/hu\/wp-json\/wp\/v2\/media?parent=16953"}],"wp:term":[{"taxonomy":"product_brand","embeddable":true,"href":"https:\/\/linoexpress.com\/hu\/wp-json\/wp\/v2\/product_brand?post=16953"},{"taxonomy":"product_cat","embeddable":true,"href":"https:\/\/linoexpress.com\/hu\/wp-json\/wp\/v2\/product_cat?post=16953"},{"taxonomy":"product_tag","embeddable":true,"href":"https:\/\/linoexpress.com\/hu\/wp-json\/wp\/v2\/product_tag?post=16953"}],"curies":[{"name":"wp","href":"https:\/\/api.w.org\/{rel}","templated":true}]}}