{"id":16961,"date":"2024-10-30T14:39:44","date_gmt":"2024-10-30T13:39:44","guid":{"rendered":"https:\/\/linoexpress.com\/hu\/?post_type=product&#038;p=16961"},"modified":"2024-10-30T14:42:21","modified_gmt":"2024-10-30T13:42:21","slug":"karacsonyi-vonat-zenedoboz","status":"publish","type":"product","link":"https:\/\/linoexpress.com\/hu\/termek\/karacsonyi-vonat-zenedoboz\/","title":{"rendered":"Kar\u00e1csonyi vonat zenedoboz"},"content":{"rendered":"","protected":false},"excerpt":{"rendered":"<p>A vonat retro diz\u00e1jnja gy\u00f6ny\u00f6r\u0171 kar\u00e1csonyi mot\u00edvumokkal \u00e9s \u00fcnnepi zen\u00e9vel minden t\u00e9rben ide\u00e1lis dekor\u00e1ci\u00f3!<\/p>\n","protected":false},"featured_media":16962,"comment_status":"closed","ping_status":"closed","template":"","meta":{"inline_featured_image":false},"product_brand":[],"product_cat":[15,35],"product_tag":[],"class_list":{"0":"post-16961","1":"product","2":"type-product","3":"status-publish","4":"has-post-thumbnail","6":"product_cat-uncategorized","7":"product_cat-fun","9":"first","10":"instock","11":"sale","12":"taxable","13":"shipping-taxable","14":"purchasable","15":"product-type-simple"},"acf":[],"_links":{"self":[{"href":"https:\/\/linoexpress.com\/hu\/wp-json\/wp\/v2\/product\/16961","targetHints":{"allow":["GET"]}}],"collection":[{"href":"https:\/\/linoexpress.com\/hu\/wp-json\/wp\/v2\/product"}],"about":[{"href":"https:\/\/linoexpress.com\/hu\/wp-json\/wp\/v2\/types\/product"}],"replies":[{"embeddable":true,"href":"https:\/\/linoexpress.com\/hu\/wp-json\/wp\/v2\/comments?post=16961"}],"wp:featuredmedia":[{"embeddable":true,"href":"https:\/\/linoexpress.com\/hu\/wp-json\/wp\/v2\/media\/16962"}],"wp:attachment":[{"href":"https:\/\/linoexpress.com\/hu\/wp-json\/wp\/v2\/media?parent=16961"}],"wp:term":[{"taxonomy":"product_brand","embeddable":true,"href":"https:\/\/linoexpress.com\/hu\/wp-json\/wp\/v2\/product_brand?post=16961"},{"taxonomy":"product_cat","embeddable":true,"href":"https:\/\/linoexpress.com\/hu\/wp-json\/wp\/v2\/product_cat?post=16961"},{"taxonomy":"product_tag","embeddable":true,"href":"https:\/\/linoexpress.com\/hu\/wp-json\/wp\/v2\/product_tag?post=16961"}],"curies":[{"name":"wp","href":"https:\/\/api.w.org\/{rel}","templated":true}]}}