{"id":16972,"date":"2024-10-31T08:27:10","date_gmt":"2024-10-31T07:27:10","guid":{"rendered":"https:\/\/linoexpress.com\/hu\/?post_type=product&#038;p=16972"},"modified":"2024-11-16T11:16:16","modified_gmt":"2024-11-16T10:16:16","slug":"mini-keszlet-a-varras-alapjaihoz","status":"publish","type":"product","link":"https:\/\/linoexpress.com\/hu\/termek\/mini-keszlet-a-varras-alapjaihoz\/","title":{"rendered":"Mini k\u00e9szlet a varr\u00e1s alapjaihoz"},"content":{"rendered":"","protected":false},"excerpt":{"rendered":"<p>Aranyos \u00e9s praktikus varr\u00f3k\u00e9szlet kezd\u0151knek \u00e9s varr\u00e1srajong\u00f3knak!<\/p>\n","protected":false},"featured_media":16973,"comment_status":"closed","ping_status":"closed","template":"","meta":{"inline_featured_image":false},"product_brand":[],"product_cat":[15,35],"product_tag":[],"class_list":{"0":"post-16972","1":"product","2":"type-product","3":"status-publish","4":"has-post-thumbnail","6":"product_cat-uncategorized","7":"product_cat-fun","9":"first","10":"instock","11":"sale","12":"taxable","13":"shipping-taxable","14":"purchasable","15":"product-type-simple"},"acf":[],"_links":{"self":[{"href":"https:\/\/linoexpress.com\/hu\/wp-json\/wp\/v2\/product\/16972","targetHints":{"allow":["GET"]}}],"collection":[{"href":"https:\/\/linoexpress.com\/hu\/wp-json\/wp\/v2\/product"}],"about":[{"href":"https:\/\/linoexpress.com\/hu\/wp-json\/wp\/v2\/types\/product"}],"replies":[{"embeddable":true,"href":"https:\/\/linoexpress.com\/hu\/wp-json\/wp\/v2\/comments?post=16972"}],"wp:featuredmedia":[{"embeddable":true,"href":"https:\/\/linoexpress.com\/hu\/wp-json\/wp\/v2\/media\/16973"}],"wp:attachment":[{"href":"https:\/\/linoexpress.com\/hu\/wp-json\/wp\/v2\/media?parent=16972"}],"wp:term":[{"taxonomy":"product_brand","embeddable":true,"href":"https:\/\/linoexpress.com\/hu\/wp-json\/wp\/v2\/product_brand?post=16972"},{"taxonomy":"product_cat","embeddable":true,"href":"https:\/\/linoexpress.com\/hu\/wp-json\/wp\/v2\/product_cat?post=16972"},{"taxonomy":"product_tag","embeddable":true,"href":"https:\/\/linoexpress.com\/hu\/wp-json\/wp\/v2\/product_tag?post=16972"}],"curies":[{"name":"wp","href":"https:\/\/api.w.org\/{rel}","templated":true}]}}