{"id":16995,"date":"2024-11-01T10:04:25","date_gmt":"2024-11-01T09:04:25","guid":{"rendered":"https:\/\/linoexpress.com\/hu\/?post_type=product&#038;p=16995"},"modified":"2025-04-28T09:50:56","modified_gmt":"2025-04-28T07:50:56","slug":"bokszkeszlet","status":"publish","type":"product","link":"https:\/\/linoexpress.com\/hu\/termek\/bokszkeszlet\/","title":{"rendered":"Bokszk\u00e9szlet"},"content":{"rendered":"","protected":false},"excerpt":{"rendered":"<p>Fantasztikus m\u00f3dszer az edz\u00e9sre \u00e9s megszabadulni a felesleges energi\u00e1t\u00f3l! Ez a k\u00e9szlet fejleszti a sport szeretet\u00e9t \u00e9s a j\u00f3 er\u0151nl\u00e9tet!<\/p>\n","protected":false},"featured_media":16996,"comment_status":"closed","ping_status":"closed","template":"","meta":{"inline_featured_image":false},"product_brand":[],"product_cat":[15,35,26],"product_tag":[],"class_list":{"0":"post-16995","1":"product","2":"type-product","3":"status-publish","4":"has-post-thumbnail","6":"product_cat-uncategorized","7":"product_cat-fun","8":"product_cat-health","10":"first","11":"instock","12":"sale","13":"taxable","14":"shipping-taxable","15":"purchasable","16":"product-type-simple"},"acf":[],"_links":{"self":[{"href":"https:\/\/linoexpress.com\/hu\/wp-json\/wp\/v2\/product\/16995","targetHints":{"allow":["GET"]}}],"collection":[{"href":"https:\/\/linoexpress.com\/hu\/wp-json\/wp\/v2\/product"}],"about":[{"href":"https:\/\/linoexpress.com\/hu\/wp-json\/wp\/v2\/types\/product"}],"replies":[{"embeddable":true,"href":"https:\/\/linoexpress.com\/hu\/wp-json\/wp\/v2\/comments?post=16995"}],"wp:featuredmedia":[{"embeddable":true,"href":"https:\/\/linoexpress.com\/hu\/wp-json\/wp\/v2\/media\/16996"}],"wp:attachment":[{"href":"https:\/\/linoexpress.com\/hu\/wp-json\/wp\/v2\/media?parent=16995"}],"wp:term":[{"taxonomy":"product_brand","embeddable":true,"href":"https:\/\/linoexpress.com\/hu\/wp-json\/wp\/v2\/product_brand?post=16995"},{"taxonomy":"product_cat","embeddable":true,"href":"https:\/\/linoexpress.com\/hu\/wp-json\/wp\/v2\/product_cat?post=16995"},{"taxonomy":"product_tag","embeddable":true,"href":"https:\/\/linoexpress.com\/hu\/wp-json\/wp\/v2\/product_tag?post=16995"}],"curies":[{"name":"wp","href":"https:\/\/api.w.org\/{rel}","templated":true}]}}