{"id":17002,"date":"2024-11-01T12:17:12","date_gmt":"2024-11-01T11:17:12","guid":{"rendered":"https:\/\/linoexpress.com\/hu\/?post_type=product&#038;p=17002"},"modified":"2024-11-01T12:18:45","modified_gmt":"2024-11-01T11:18:45","slug":"montessori-barkacs-varrokeszlet","status":"publish","type":"product","link":"https:\/\/linoexpress.com\/hu\/termek\/montessori-barkacs-varrokeszlet\/","title":{"rendered":"Montessori bark\u00e1cs varr\u00f3k\u00e9szlet"},"content":{"rendered":"","protected":false},"excerpt":{"rendered":"<p>Ez a bark\u00e1csk\u00e9szlet ide\u00e1lis a kreativit\u00e1s \u00e9s a precizit\u00e1s fejleszt\u00e9s\u00e9hez. Hagyja, hogy gyermekei maguk alak\u00edts\u00e1k ki kedvenc j\u00e1t\u00e9kukat.<\/p>\n","protected":false},"featured_media":17008,"comment_status":"closed","ping_status":"closed","template":"","meta":{"inline_featured_image":false},"product_brand":[],"product_cat":[15,35],"product_tag":[],"class_list":{"0":"post-17002","1":"product","2":"type-product","3":"status-publish","4":"has-post-thumbnail","6":"product_cat-uncategorized","7":"product_cat-fun","9":"first","10":"instock","11":"sale","12":"taxable","13":"shipping-taxable","14":"purchasable","15":"product-type-simple"},"acf":[],"_links":{"self":[{"href":"https:\/\/linoexpress.com\/hu\/wp-json\/wp\/v2\/product\/17002","targetHints":{"allow":["GET"]}}],"collection":[{"href":"https:\/\/linoexpress.com\/hu\/wp-json\/wp\/v2\/product"}],"about":[{"href":"https:\/\/linoexpress.com\/hu\/wp-json\/wp\/v2\/types\/product"}],"replies":[{"embeddable":true,"href":"https:\/\/linoexpress.com\/hu\/wp-json\/wp\/v2\/comments?post=17002"}],"wp:featuredmedia":[{"embeddable":true,"href":"https:\/\/linoexpress.com\/hu\/wp-json\/wp\/v2\/media\/17008"}],"wp:attachment":[{"href":"https:\/\/linoexpress.com\/hu\/wp-json\/wp\/v2\/media?parent=17002"}],"wp:term":[{"taxonomy":"product_brand","embeddable":true,"href":"https:\/\/linoexpress.com\/hu\/wp-json\/wp\/v2\/product_brand?post=17002"},{"taxonomy":"product_cat","embeddable":true,"href":"https:\/\/linoexpress.com\/hu\/wp-json\/wp\/v2\/product_cat?post=17002"},{"taxonomy":"product_tag","embeddable":true,"href":"https:\/\/linoexpress.com\/hu\/wp-json\/wp\/v2\/product_tag?post=17002"}],"curies":[{"name":"wp","href":"https:\/\/api.w.org\/{rel}","templated":true}]}}