{"id":17036,"date":"2024-11-05T13:07:45","date_gmt":"2024-11-05T12:07:45","guid":{"rendered":"https:\/\/linoexpress.com\/hu\/?post_type=product&#038;p=17036"},"modified":"2025-01-16T13:18:19","modified_gmt":"2025-01-16T12:18:19","slug":"valosaghu-arcmaszkok","status":"publish","type":"product","link":"https:\/\/linoexpress.com\/hu\/termek\/valosaghu-arcmaszkok\/","title":{"rendered":"Val\u00f3s\u00e1gh\u0171 arcmaszkok"},"content":{"rendered":"","protected":false},"excerpt":{"rendered":"<p>Cs\u00facsmin\u0151s\u00e9g\u0171 maszkok, val\u00f3di szem\u00e9lyhez hasonl\u00edtva. Legyen a figyelem k\u00f6z\u00e9ppontj\u00e1ban a Helloween, az \u00e1larcosb\u00e1lok, a tematikus bulik, vagy amikor megtr\u00e9f\u00e1lja bar\u00e1tait!<\/p>\n","protected":false},"featured_media":17043,"comment_status":"closed","ping_status":"closed","template":"","meta":{"inline_featured_image":false},"product_brand":[],"product_cat":[15,35],"product_tag":[],"class_list":{"0":"post-17036","1":"product","2":"type-product","3":"status-publish","4":"has-post-thumbnail","6":"product_cat-uncategorized","7":"product_cat-fun","9":"first","10":"instock","11":"sale","12":"taxable","13":"shipping-taxable","14":"purchasable","15":"product-type-simple"},"acf":[],"_links":{"self":[{"href":"https:\/\/linoexpress.com\/hu\/wp-json\/wp\/v2\/product\/17036","targetHints":{"allow":["GET"]}}],"collection":[{"href":"https:\/\/linoexpress.com\/hu\/wp-json\/wp\/v2\/product"}],"about":[{"href":"https:\/\/linoexpress.com\/hu\/wp-json\/wp\/v2\/types\/product"}],"replies":[{"embeddable":true,"href":"https:\/\/linoexpress.com\/hu\/wp-json\/wp\/v2\/comments?post=17036"}],"wp:featuredmedia":[{"embeddable":true,"href":"https:\/\/linoexpress.com\/hu\/wp-json\/wp\/v2\/media\/17043"}],"wp:attachment":[{"href":"https:\/\/linoexpress.com\/hu\/wp-json\/wp\/v2\/media?parent=17036"}],"wp:term":[{"taxonomy":"product_brand","embeddable":true,"href":"https:\/\/linoexpress.com\/hu\/wp-json\/wp\/v2\/product_brand?post=17036"},{"taxonomy":"product_cat","embeddable":true,"href":"https:\/\/linoexpress.com\/hu\/wp-json\/wp\/v2\/product_cat?post=17036"},{"taxonomy":"product_tag","embeddable":true,"href":"https:\/\/linoexpress.com\/hu\/wp-json\/wp\/v2\/product_tag?post=17036"}],"curies":[{"name":"wp","href":"https:\/\/api.w.org\/{rel}","templated":true}]}}