{"id":17095,"date":"2024-11-08T09:43:35","date_gmt":"2024-11-08T08:43:35","guid":{"rendered":"https:\/\/linoexpress.com\/hu\/?post_type=product&#038;p=17095"},"modified":"2024-11-08T09:45:31","modified_gmt":"2024-11-08T08:45:31","slug":"barkacskeszlet-kotel-karkotok-kotesehez","status":"publish","type":"product","link":"https:\/\/linoexpress.com\/hu\/termek\/barkacskeszlet-kotel-karkotok-kotesehez\/","title":{"rendered":"Bark\u00e1csk\u00e9szlet k\u00f6t\u00e9l kark\u00f6t\u0151k k\u00f6t\u00e9s\u00e9hez"},"content":{"rendered":"","protected":false},"excerpt":{"rendered":"<p>Ez a k\u00e9zi k\u00f6t\u0151k\u00e9szlet egy kreat\u00edv j\u00e1t\u00e9k gyerekeknek, amely lehet\u0151v\u00e9 teszi sz\u00e1mukra, hogy \u00e1polj\u00e1k k\u00e9zi k\u00e9szs\u00e9geiket \u00e9s \u00f6szt\u00f6n\u00f6zz\u00e9k kreativit\u00e1sukat.<\/p>\n","protected":false},"featured_media":17099,"comment_status":"closed","ping_status":"closed","template":"","meta":{"inline_featured_image":false},"product_brand":[],"product_cat":[15,35],"product_tag":[],"class_list":{"0":"post-17095","1":"product","2":"type-product","3":"status-publish","4":"has-post-thumbnail","6":"product_cat-uncategorized","7":"product_cat-fun","9":"first","10":"instock","11":"sale","12":"taxable","13":"shipping-taxable","14":"purchasable","15":"product-type-simple"},"acf":[],"_links":{"self":[{"href":"https:\/\/linoexpress.com\/hu\/wp-json\/wp\/v2\/product\/17095","targetHints":{"allow":["GET"]}}],"collection":[{"href":"https:\/\/linoexpress.com\/hu\/wp-json\/wp\/v2\/product"}],"about":[{"href":"https:\/\/linoexpress.com\/hu\/wp-json\/wp\/v2\/types\/product"}],"replies":[{"embeddable":true,"href":"https:\/\/linoexpress.com\/hu\/wp-json\/wp\/v2\/comments?post=17095"}],"wp:featuredmedia":[{"embeddable":true,"href":"https:\/\/linoexpress.com\/hu\/wp-json\/wp\/v2\/media\/17099"}],"wp:attachment":[{"href":"https:\/\/linoexpress.com\/hu\/wp-json\/wp\/v2\/media?parent=17095"}],"wp:term":[{"taxonomy":"product_brand","embeddable":true,"href":"https:\/\/linoexpress.com\/hu\/wp-json\/wp\/v2\/product_brand?post=17095"},{"taxonomy":"product_cat","embeddable":true,"href":"https:\/\/linoexpress.com\/hu\/wp-json\/wp\/v2\/product_cat?post=17095"},{"taxonomy":"product_tag","embeddable":true,"href":"https:\/\/linoexpress.com\/hu\/wp-json\/wp\/v2\/product_tag?post=17095"}],"curies":[{"name":"wp","href":"https:\/\/api.w.org\/{rel}","templated":true}]}}