{"id":17101,"date":"2024-11-08T11:37:21","date_gmt":"2024-11-08T10:37:21","guid":{"rendered":"https:\/\/linoexpress.com\/hu\/?post_type=product&#038;p=17101"},"modified":"2025-04-28T09:59:31","modified_gmt":"2025-04-28T07:59:31","slug":"osszecsukhato-elektromos-gyermek-gokart-jarmu","status":"publish","type":"product","link":"https:\/\/linoexpress.com\/hu\/termek\/osszecsukhato-elektromos-gyermek-gokart-jarmu\/","title":{"rendered":"\u00d6sszecsukhat\u00f3 elektromos gyermek gokart j\u00e1rm\u0171"},"content":{"rendered":"","protected":false},"excerpt":{"rendered":"<p>Elektromos gokart gyerekeknek t\u00f6k\u00e9letes az izgalmat \u00e9s a vezet\u00e9st szeret\u0151 kicsiknek!<\/p>\n","protected":false},"featured_media":17102,"comment_status":"closed","ping_status":"closed","template":"","meta":{"inline_featured_image":false},"product_brand":[],"product_cat":[15,35],"product_tag":[],"class_list":{"0":"post-17101","1":"product","2":"type-product","3":"status-publish","4":"has-post-thumbnail","6":"product_cat-uncategorized","7":"product_cat-fun","9":"first","10":"instock","11":"sale","12":"taxable","13":"shipping-taxable","14":"purchasable","15":"product-type-simple"},"acf":[],"_links":{"self":[{"href":"https:\/\/linoexpress.com\/hu\/wp-json\/wp\/v2\/product\/17101","targetHints":{"allow":["GET"]}}],"collection":[{"href":"https:\/\/linoexpress.com\/hu\/wp-json\/wp\/v2\/product"}],"about":[{"href":"https:\/\/linoexpress.com\/hu\/wp-json\/wp\/v2\/types\/product"}],"replies":[{"embeddable":true,"href":"https:\/\/linoexpress.com\/hu\/wp-json\/wp\/v2\/comments?post=17101"}],"wp:featuredmedia":[{"embeddable":true,"href":"https:\/\/linoexpress.com\/hu\/wp-json\/wp\/v2\/media\/17102"}],"wp:attachment":[{"href":"https:\/\/linoexpress.com\/hu\/wp-json\/wp\/v2\/media?parent=17101"}],"wp:term":[{"taxonomy":"product_brand","embeddable":true,"href":"https:\/\/linoexpress.com\/hu\/wp-json\/wp\/v2\/product_brand?post=17101"},{"taxonomy":"product_cat","embeddable":true,"href":"https:\/\/linoexpress.com\/hu\/wp-json\/wp\/v2\/product_cat?post=17101"},{"taxonomy":"product_tag","embeddable":true,"href":"https:\/\/linoexpress.com\/hu\/wp-json\/wp\/v2\/product_tag?post=17101"}],"curies":[{"name":"wp","href":"https:\/\/api.w.org\/{rel}","templated":true}]}}