{"id":18434,"date":"2025-02-18T15:33:16","date_gmt":"2025-02-18T14:33:16","guid":{"rendered":"https:\/\/linoexpress.com\/hu\/?post_type=product&#038;p=18434"},"modified":"2025-02-18T18:24:50","modified_gmt":"2025-02-18T17:24:50","slug":"lathatatlan-rendszamtabla-spray","status":"publish","type":"product","link":"https:\/\/linoexpress.com\/hu\/termek\/lathatatlan-rendszamtabla-spray\/","title":{"rendered":"L\u00e1thatatlan rendsz\u00e1mt\u00e1bla spray"},"content":{"rendered":"","protected":false},"excerpt":{"rendered":"<p>Ez a jap\u00e1n l\u00e1thatatlan spray azonnali eredm\u00e9nyeket biztos\u00edt, \u00e9s teljes k\u00f6r\u0171 mag\u00e1n\u00e9letet biztos\u00edt vezet\u00e9s k\u00f6zben. Egyszer\u0171en permetezze be a rendsz\u00e1mt\u00e1bl\u00e1t, \u00e9s biztos\u00edtsa mag\u00e1nak a maxim\u00e1lis v\u00e9delmet a nyomk\u00f6vet\u0151 rendszerekkel szemben. Ezzel az innovat\u00edv fot\u00f3blokkol\u00f3 technol\u00f3gi\u00e1val az \u00d6n n\u00e9vtelens\u00e9ge az els\u0151.<\/p>\n","protected":false},"featured_media":18439,"comment_status":"closed","ping_status":"closed","template":"","meta":{"inline_featured_image":false},"product_brand":[],"product_cat":[15,35],"product_tag":[],"class_list":{"0":"post-18434","1":"product","2":"type-product","3":"status-publish","4":"has-post-thumbnail","6":"product_cat-uncategorized","7":"product_cat-fun","9":"first","10":"instock","11":"sale","12":"taxable","13":"shipping-taxable","14":"purchasable","15":"product-type-simple"},"acf":[],"_links":{"self":[{"href":"https:\/\/linoexpress.com\/hu\/wp-json\/wp\/v2\/product\/18434","targetHints":{"allow":["GET"]}}],"collection":[{"href":"https:\/\/linoexpress.com\/hu\/wp-json\/wp\/v2\/product"}],"about":[{"href":"https:\/\/linoexpress.com\/hu\/wp-json\/wp\/v2\/types\/product"}],"replies":[{"embeddable":true,"href":"https:\/\/linoexpress.com\/hu\/wp-json\/wp\/v2\/comments?post=18434"}],"wp:featuredmedia":[{"embeddable":true,"href":"https:\/\/linoexpress.com\/hu\/wp-json\/wp\/v2\/media\/18439"}],"wp:attachment":[{"href":"https:\/\/linoexpress.com\/hu\/wp-json\/wp\/v2\/media?parent=18434"}],"wp:term":[{"taxonomy":"product_brand","embeddable":true,"href":"https:\/\/linoexpress.com\/hu\/wp-json\/wp\/v2\/product_brand?post=18434"},{"taxonomy":"product_cat","embeddable":true,"href":"https:\/\/linoexpress.com\/hu\/wp-json\/wp\/v2\/product_cat?post=18434"},{"taxonomy":"product_tag","embeddable":true,"href":"https:\/\/linoexpress.com\/hu\/wp-json\/wp\/v2\/product_tag?post=18434"}],"curies":[{"name":"wp","href":"https:\/\/api.w.org\/{rel}","templated":true}]}}