{"id":18583,"date":"2025-03-04T10:02:02","date_gmt":"2025-03-04T09:02:02","guid":{"rendered":"https:\/\/linoexpress.com\/hu\/?post_type=product&#038;p=18583"},"modified":"2025-09-18T10:28:54","modified_gmt":"2025-09-18T08:28:54","slug":"ajtobeepitesi-pozicionalo","status":"publish","type":"product","link":"https:\/\/linoexpress.com\/hu\/termek\/ajtobeepitesi-pozicionalo\/","title":{"rendered":"Ajt\u00f3be\u00e9p\u00edt\u00e9si pozicion\u00e1l\u00f3"},"content":{"rendered":"","protected":false},"excerpt":{"rendered":"<p>Ajt\u00f3be\u00e9p\u00edt\u00e9si pozicion\u00e1l\u00f3nk gyors \u00e9s prec\u00edz m\u00f3dot biztos\u00edt a t\u00f6k\u00e9letes igaz\u00edt\u00e1s el\u00e9r\u00e9s\u00e9re, m\u00e9g m\u00e1sok seg\u00edts\u00e9ge n\u00e9lk\u00fcl is. Ezt az eszk\u00f6zt a k\u00f6nny\u0171 haszn\u00e1lat \u00e9rdek\u00e9ben tervezt\u00e9k, \u00edgy gyorsabban \u00e9s hat\u00e9konyabban v\u00e9gezheti el a munk\u00e1t.<\/p>\n","protected":false},"featured_media":18584,"comment_status":"closed","ping_status":"closed","template":"","meta":{"inline_featured_image":false},"product_brand":[],"product_cat":[15,35],"product_tag":[],"class_list":{"0":"post-18583","1":"product","2":"type-product","3":"status-publish","4":"has-post-thumbnail","6":"product_cat-uncategorized","7":"product_cat-fun","9":"first","10":"instock","11":"sale","12":"taxable","13":"shipping-taxable","14":"purchasable","15":"product-type-simple"},"acf":[],"_links":{"self":[{"href":"https:\/\/linoexpress.com\/hu\/wp-json\/wp\/v2\/product\/18583","targetHints":{"allow":["GET"]}}],"collection":[{"href":"https:\/\/linoexpress.com\/hu\/wp-json\/wp\/v2\/product"}],"about":[{"href":"https:\/\/linoexpress.com\/hu\/wp-json\/wp\/v2\/types\/product"}],"replies":[{"embeddable":true,"href":"https:\/\/linoexpress.com\/hu\/wp-json\/wp\/v2\/comments?post=18583"}],"wp:featuredmedia":[{"embeddable":true,"href":"https:\/\/linoexpress.com\/hu\/wp-json\/wp\/v2\/media\/18584"}],"wp:attachment":[{"href":"https:\/\/linoexpress.com\/hu\/wp-json\/wp\/v2\/media?parent=18583"}],"wp:term":[{"taxonomy":"product_brand","embeddable":true,"href":"https:\/\/linoexpress.com\/hu\/wp-json\/wp\/v2\/product_brand?post=18583"},{"taxonomy":"product_cat","embeddable":true,"href":"https:\/\/linoexpress.com\/hu\/wp-json\/wp\/v2\/product_cat?post=18583"},{"taxonomy":"product_tag","embeddable":true,"href":"https:\/\/linoexpress.com\/hu\/wp-json\/wp\/v2\/product_tag?post=18583"}],"curies":[{"name":"wp","href":"https:\/\/api.w.org\/{rel}","templated":true}]}}