{"id":18593,"date":"2025-03-04T12:37:26","date_gmt":"2025-03-04T11:37:26","guid":{"rendered":"https:\/\/linoexpress.com\/hu\/?post_type=product&#038;p=18593"},"modified":"2025-09-18T10:01:32","modified_gmt":"2025-09-18T08:01:32","slug":"betumetszet-keszlet","status":"publish","type":"product","link":"https:\/\/linoexpress.com\/hu\/termek\/betumetszet-keszlet\/","title":{"rendered":"Bet\u0171metszet k\u00e9szlet"},"content":{"rendered":"","protected":false},"excerpt":{"rendered":"<p>A teljes bet\u0171k \u00e1b\u00e9c\u00e9je grav\u00edroz\u00e1shoz. Hozzon l\u00e9tre monogramokat, dombor\u00edtson neveket vagy szavakat, vagy tegye szem\u00e9lyre munk\u00e1j\u00e1t!<\/p>\n","protected":false},"featured_media":18594,"comment_status":"closed","ping_status":"closed","template":"","meta":{"inline_featured_image":false},"product_brand":[],"product_cat":[15,35],"product_tag":[],"class_list":{"0":"post-18593","1":"product","2":"type-product","3":"status-publish","4":"has-post-thumbnail","6":"product_cat-uncategorized","7":"product_cat-fun","9":"first","10":"instock","11":"sale","12":"taxable","13":"shipping-taxable","14":"purchasable","15":"product-type-simple"},"acf":[],"_links":{"self":[{"href":"https:\/\/linoexpress.com\/hu\/wp-json\/wp\/v2\/product\/18593","targetHints":{"allow":["GET"]}}],"collection":[{"href":"https:\/\/linoexpress.com\/hu\/wp-json\/wp\/v2\/product"}],"about":[{"href":"https:\/\/linoexpress.com\/hu\/wp-json\/wp\/v2\/types\/product"}],"replies":[{"embeddable":true,"href":"https:\/\/linoexpress.com\/hu\/wp-json\/wp\/v2\/comments?post=18593"}],"wp:featuredmedia":[{"embeddable":true,"href":"https:\/\/linoexpress.com\/hu\/wp-json\/wp\/v2\/media\/18594"}],"wp:attachment":[{"href":"https:\/\/linoexpress.com\/hu\/wp-json\/wp\/v2\/media?parent=18593"}],"wp:term":[{"taxonomy":"product_brand","embeddable":true,"href":"https:\/\/linoexpress.com\/hu\/wp-json\/wp\/v2\/product_brand?post=18593"},{"taxonomy":"product_cat","embeddable":true,"href":"https:\/\/linoexpress.com\/hu\/wp-json\/wp\/v2\/product_cat?post=18593"},{"taxonomy":"product_tag","embeddable":true,"href":"https:\/\/linoexpress.com\/hu\/wp-json\/wp\/v2\/product_tag?post=18593"}],"curies":[{"name":"wp","href":"https:\/\/api.w.org\/{rel}","templated":true}]}}