{"id":18602,"date":"2025-03-04T13:33:34","date_gmt":"2025-03-04T12:33:34","guid":{"rendered":"https:\/\/linoexpress.com\/hu\/?post_type=product&#038;p=18602"},"modified":"2025-03-26T15:35:07","modified_gmt":"2025-03-26T14:35:07","slug":"muveszeti-keszlet-kreativ-varazslat","status":"publish","type":"product","link":"https:\/\/linoexpress.com\/hu\/termek\/muveszeti-keszlet-kreativ-varazslat\/","title":{"rendered":"M\u0171v\u00e9szeti k\u00e9szlet &#8211; kreat\u00edv var\u00e1zslat"},"content":{"rendered":"","protected":false},"excerpt":{"rendered":"<p>Fedezze fel a m\u0171v\u00e9szet var\u00e1zslatos vil\u00e1g\u00e1t! Ezzel a kreat\u00edv k\u00e9szlettel egyszer\u0171en k\u00e9sz\u00edthet elk\u00e9peszt\u0151 m\u0171alkot\u00e1sokat egyetlen karcol\u00e1ssal. Legyen \u00d6n kezd\u0151 vagy tapasztalt m\u0171v\u00e9sz, ez a k\u00e9szlet v\u00e9gtelen lehet\u0151s\u00e9geket k\u00edn\u00e1l kreativit\u00e1s\u00e1nak kifejez\u00e9s\u00e9re. Vidd fel gyermekeidet vagy magad ezzel a sz\u00f3rakoztat\u00f3 \u00e9s tanuls\u00e1gos tev\u00e9kenys\u00e9ggel!<\/p>\n","protected":false},"featured_media":18608,"comment_status":"closed","ping_status":"closed","template":"","meta":{"inline_featured_image":false},"product_brand":[],"product_cat":[15,35],"product_tag":[],"class_list":{"0":"post-18602","1":"product","2":"type-product","3":"status-publish","4":"has-post-thumbnail","6":"product_cat-uncategorized","7":"product_cat-fun","9":"first","10":"instock","11":"sale","12":"taxable","13":"shipping-taxable","14":"purchasable","15":"product-type-simple"},"acf":[],"_links":{"self":[{"href":"https:\/\/linoexpress.com\/hu\/wp-json\/wp\/v2\/product\/18602","targetHints":{"allow":["GET"]}}],"collection":[{"href":"https:\/\/linoexpress.com\/hu\/wp-json\/wp\/v2\/product"}],"about":[{"href":"https:\/\/linoexpress.com\/hu\/wp-json\/wp\/v2\/types\/product"}],"replies":[{"embeddable":true,"href":"https:\/\/linoexpress.com\/hu\/wp-json\/wp\/v2\/comments?post=18602"}],"wp:featuredmedia":[{"embeddable":true,"href":"https:\/\/linoexpress.com\/hu\/wp-json\/wp\/v2\/media\/18608"}],"wp:attachment":[{"href":"https:\/\/linoexpress.com\/hu\/wp-json\/wp\/v2\/media?parent=18602"}],"wp:term":[{"taxonomy":"product_brand","embeddable":true,"href":"https:\/\/linoexpress.com\/hu\/wp-json\/wp\/v2\/product_brand?post=18602"},{"taxonomy":"product_cat","embeddable":true,"href":"https:\/\/linoexpress.com\/hu\/wp-json\/wp\/v2\/product_cat?post=18602"},{"taxonomy":"product_tag","embeddable":true,"href":"https:\/\/linoexpress.com\/hu\/wp-json\/wp\/v2\/product_tag?post=18602"}],"curies":[{"name":"wp","href":"https:\/\/api.w.org\/{rel}","templated":true}]}}