{"id":18681,"date":"2025-03-12T23:51:04","date_gmt":"2025-03-12T22:51:04","guid":{"rendered":"https:\/\/linoexpress.com\/hu\/?post_type=product&#038;p=18681"},"modified":"2025-04-28T10:24:48","modified_gmt":"2025-04-28T08:24:48","slug":"2-az-1-ben-elektromos-es-kezi-vezerlesu-auto","status":"publish","type":"product","link":"https:\/\/linoexpress.com\/hu\/termek\/2-az-1-ben-elektromos-es-kezi-vezerlesu-auto\/","title":{"rendered":"2 az 1-ben elektromos \u00e9s k\u00e9zi vez\u00e9rl\u00e9s\u0171 aut\u00f3"},"content":{"rendered":"","protected":false},"excerpt":{"rendered":"<p>Ez az innovat\u00edv j\u00e1t\u00e9kaut\u00f3 lehet\u0151v\u00e9 teszi a gyerekeknek, hogy v\u00e1lasszanak a klasszikus k\u00e9zi vez\u00e9rl\u00e9s \u00e9s az elektromos \u00fczemm\u00f3d k\u00f6z\u00f6tt a m\u00e9g sz\u00f3rakoztat\u00f3bb vezet\u00e9s \u00e9rdek\u00e9ben. T\u00f6k\u00e9letes otthoni vagy szabadt\u00e9ri j\u00e1t\u00e9khoz, biztons\u00e1got \u00e9s stabilit\u00e1st biztos\u00edt. A modern diz\u00e1jn \u00e9s az egyszer\u0171 haszn\u00e1lat ide\u00e1lis v\u00e1laszt\u00e1ss\u00e1 teszi a kicsik sz\u00e1m\u00e1ra.<\/p>\n","protected":false},"featured_media":18682,"comment_status":"closed","ping_status":"closed","template":"","meta":{"inline_featured_image":false},"product_brand":[],"product_cat":[15,35],"product_tag":[],"class_list":{"0":"post-18681","1":"product","2":"type-product","3":"status-publish","4":"has-post-thumbnail","6":"product_cat-uncategorized","7":"product_cat-fun","9":"first","10":"instock","11":"sale","12":"taxable","13":"shipping-taxable","14":"purchasable","15":"product-type-simple"},"acf":[],"_links":{"self":[{"href":"https:\/\/linoexpress.com\/hu\/wp-json\/wp\/v2\/product\/18681","targetHints":{"allow":["GET"]}}],"collection":[{"href":"https:\/\/linoexpress.com\/hu\/wp-json\/wp\/v2\/product"}],"about":[{"href":"https:\/\/linoexpress.com\/hu\/wp-json\/wp\/v2\/types\/product"}],"replies":[{"embeddable":true,"href":"https:\/\/linoexpress.com\/hu\/wp-json\/wp\/v2\/comments?post=18681"}],"wp:featuredmedia":[{"embeddable":true,"href":"https:\/\/linoexpress.com\/hu\/wp-json\/wp\/v2\/media\/18682"}],"wp:attachment":[{"href":"https:\/\/linoexpress.com\/hu\/wp-json\/wp\/v2\/media?parent=18681"}],"wp:term":[{"taxonomy":"product_brand","embeddable":true,"href":"https:\/\/linoexpress.com\/hu\/wp-json\/wp\/v2\/product_brand?post=18681"},{"taxonomy":"product_cat","embeddable":true,"href":"https:\/\/linoexpress.com\/hu\/wp-json\/wp\/v2\/product_cat?post=18681"},{"taxonomy":"product_tag","embeddable":true,"href":"https:\/\/linoexpress.com\/hu\/wp-json\/wp\/v2\/product_tag?post=18681"}],"curies":[{"name":"wp","href":"https:\/\/api.w.org\/{rel}","templated":true}]}}