{"id":18694,"date":"2025-03-13T02:41:27","date_gmt":"2025-03-13T01:41:27","guid":{"rendered":"https:\/\/linoexpress.com\/hu\/?post_type=product&#038;p=18694"},"modified":"2025-09-18T10:38:14","modified_gmt":"2025-09-18T08:38:14","slug":"egyeni-boxedzo-szalag","status":"publish","type":"product","link":"https:\/\/linoexpress.com\/hu\/termek\/egyeni-boxedzo-szalag\/","title":{"rendered":"Egy\u00e9ni boxedz\u0151 szalag"},"content":{"rendered":"","protected":false},"excerpt":{"rendered":"<p>Innovat\u00edv ellen\u00e1ll\u00f3 p\u00e1nt kifejezetten boxerek sz\u00e1m\u00e1ra. Seg\u00edtenek jav\u00edtani a l\u00e1bmunk\u00e1t, n\u00f6velik az \u00fct\u0151er\u0151t, \u00e9s megv\u00e9dik mag\u00e1t a s\u00e9r\u00fcl\u00e9sekt\u0151l. T\u00f6k\u00e9letes eszk\u00f6z minden szint\u0171 boxer sz\u00e1m\u00e1ra, a kezd\u0151kt\u0151l a profikig.<\/p>\n","protected":false},"featured_media":18695,"comment_status":"closed","ping_status":"closed","template":"","meta":{"inline_featured_image":false},"product_brand":[],"product_cat":[15,35],"product_tag":[],"class_list":{"0":"post-18694","1":"product","2":"type-product","3":"status-publish","4":"has-post-thumbnail","6":"product_cat-uncategorized","7":"product_cat-fun","9":"first","10":"instock","11":"sale","12":"taxable","13":"shipping-taxable","14":"purchasable","15":"product-type-simple"},"acf":[],"_links":{"self":[{"href":"https:\/\/linoexpress.com\/hu\/wp-json\/wp\/v2\/product\/18694","targetHints":{"allow":["GET"]}}],"collection":[{"href":"https:\/\/linoexpress.com\/hu\/wp-json\/wp\/v2\/product"}],"about":[{"href":"https:\/\/linoexpress.com\/hu\/wp-json\/wp\/v2\/types\/product"}],"replies":[{"embeddable":true,"href":"https:\/\/linoexpress.com\/hu\/wp-json\/wp\/v2\/comments?post=18694"}],"wp:featuredmedia":[{"embeddable":true,"href":"https:\/\/linoexpress.com\/hu\/wp-json\/wp\/v2\/media\/18695"}],"wp:attachment":[{"href":"https:\/\/linoexpress.com\/hu\/wp-json\/wp\/v2\/media?parent=18694"}],"wp:term":[{"taxonomy":"product_brand","embeddable":true,"href":"https:\/\/linoexpress.com\/hu\/wp-json\/wp\/v2\/product_brand?post=18694"},{"taxonomy":"product_cat","embeddable":true,"href":"https:\/\/linoexpress.com\/hu\/wp-json\/wp\/v2\/product_cat?post=18694"},{"taxonomy":"product_tag","embeddable":true,"href":"https:\/\/linoexpress.com\/hu\/wp-json\/wp\/v2\/product_tag?post=18694"}],"curies":[{"name":"wp","href":"https:\/\/api.w.org\/{rel}","templated":true}]}}