{"id":18727,"date":"2025-03-14T15:59:02","date_gmt":"2025-03-14T14:59:02","guid":{"rendered":"https:\/\/linoexpress.com\/hu\/?post_type=product&#038;p=18727"},"modified":"2025-03-30T15:09:00","modified_gmt":"2025-03-30T13:09:00","slug":"kegel-gyakorlatok","status":"publish","type":"product","link":"https:\/\/linoexpress.com\/hu\/termek\/kegel-gyakorlatok\/","title":{"rendered":"Kegel gyakorlatok"},"content":{"rendered":"","protected":false},"excerpt":{"rendered":"<p>\u00c9rjen el nagyobb kontrollt \u00e9s kitart\u00e1st a Kegel gyakorlatokkal, amelyek er\u0151s\u00edtik a medencefen\u00e9k izmait. Ez az egyszer\u0171, term\u00e9szetes \u00e9s bev\u00e1lt m\u00f3dszer jav\u00edtja a fizikai er\u0151nl\u00e9tet, az \u00e1ll\u00f3k\u00e9pess\u00e9get \u00e9s az \u00e1ltal\u00e1nos k\u00f6z\u00e9rzetet gy\u00f3gyszerek haszn\u00e1lata n\u00e9lk\u00fcl. F\u00e9rfiak \u00e9s n\u0151k sz\u00e1m\u00e1ra ide\u00e1lis, hordozhat\u00f3 \u00e9s b\u00e1rhol k\u00f6nnyen haszn\u00e1lhat\u00f3.<\/p>\n","protected":false},"featured_media":18729,"comment_status":"closed","ping_status":"closed","template":"","meta":{"inline_featured_image":false},"product_brand":[],"product_cat":[15,35],"product_tag":[],"class_list":{"0":"post-18727","1":"product","2":"type-product","3":"status-publish","4":"has-post-thumbnail","6":"product_cat-uncategorized","7":"product_cat-fun","9":"first","10":"instock","11":"sale","12":"taxable","13":"shipping-taxable","14":"purchasable","15":"product-type-simple"},"acf":[],"_links":{"self":[{"href":"https:\/\/linoexpress.com\/hu\/wp-json\/wp\/v2\/product\/18727","targetHints":{"allow":["GET"]}}],"collection":[{"href":"https:\/\/linoexpress.com\/hu\/wp-json\/wp\/v2\/product"}],"about":[{"href":"https:\/\/linoexpress.com\/hu\/wp-json\/wp\/v2\/types\/product"}],"replies":[{"embeddable":true,"href":"https:\/\/linoexpress.com\/hu\/wp-json\/wp\/v2\/comments?post=18727"}],"wp:featuredmedia":[{"embeddable":true,"href":"https:\/\/linoexpress.com\/hu\/wp-json\/wp\/v2\/media\/18729"}],"wp:attachment":[{"href":"https:\/\/linoexpress.com\/hu\/wp-json\/wp\/v2\/media?parent=18727"}],"wp:term":[{"taxonomy":"product_brand","embeddable":true,"href":"https:\/\/linoexpress.com\/hu\/wp-json\/wp\/v2\/product_brand?post=18727"},{"taxonomy":"product_cat","embeddable":true,"href":"https:\/\/linoexpress.com\/hu\/wp-json\/wp\/v2\/product_cat?post=18727"},{"taxonomy":"product_tag","embeddable":true,"href":"https:\/\/linoexpress.com\/hu\/wp-json\/wp\/v2\/product_tag?post=18727"}],"curies":[{"name":"wp","href":"https:\/\/api.w.org\/{rel}","templated":true}]}}