{"id":18740,"date":"2025-03-15T12:03:51","date_gmt":"2025-03-15T11:03:51","guid":{"rendered":"https:\/\/linoexpress.com\/hu\/?post_type=product&#038;p=18740"},"modified":"2025-03-15T16:08:04","modified_gmt":"2025-03-15T15:08:04","slug":"interaktiv-madarjatek-macskaknak","status":"publish","type":"product","link":"https:\/\/linoexpress.com\/hu\/termek\/interaktiv-madarjatek-macskaknak\/","title":{"rendered":"Interakt\u00edv mad\u00e1rj\u00e1t\u00e9k macsk\u00e1knak"},"content":{"rendered":"","protected":false},"excerpt":{"rendered":"<p>Ez a pl\u00fcss mad\u00e1r t\u00f6bb \u00f3r\u00e1nyi sz\u00f3rakoz\u00e1st biztos\u00edt macsk\u00e1j\u00e1nak val\u00f3s\u00e1gh\u0171 hangjainak \u00e9s mozdulatainak k\u00f6sz\u00f6nhet\u0151en. Tollai \u00e9s puha anyaga t\u00f6k\u00e9letess\u00e9 teszik r\u00e1gcs\u00e1lni, fogni \u00e9s j\u00e1tszani. Serkenti a macska term\u00e9szetes \u00f6szt\u00f6neit, tev\u00e9kenys\u00e9gre \u00e9s szellemi stimul\u00e1ci\u00f3ra \u00f6szt\u00f6n\u00f6z.<\/p>\n","protected":false},"featured_media":18742,"comment_status":"closed","ping_status":"closed","template":"","meta":{"inline_featured_image":false},"product_brand":[],"product_cat":[15,35],"product_tag":[],"class_list":{"0":"post-18740","1":"product","2":"type-product","3":"status-publish","4":"has-post-thumbnail","6":"product_cat-uncategorized","7":"product_cat-fun","9":"first","10":"instock","11":"sale","12":"taxable","13":"shipping-taxable","14":"purchasable","15":"product-type-simple"},"acf":[],"_links":{"self":[{"href":"https:\/\/linoexpress.com\/hu\/wp-json\/wp\/v2\/product\/18740","targetHints":{"allow":["GET"]}}],"collection":[{"href":"https:\/\/linoexpress.com\/hu\/wp-json\/wp\/v2\/product"}],"about":[{"href":"https:\/\/linoexpress.com\/hu\/wp-json\/wp\/v2\/types\/product"}],"replies":[{"embeddable":true,"href":"https:\/\/linoexpress.com\/hu\/wp-json\/wp\/v2\/comments?post=18740"}],"wp:featuredmedia":[{"embeddable":true,"href":"https:\/\/linoexpress.com\/hu\/wp-json\/wp\/v2\/media\/18742"}],"wp:attachment":[{"href":"https:\/\/linoexpress.com\/hu\/wp-json\/wp\/v2\/media?parent=18740"}],"wp:term":[{"taxonomy":"product_brand","embeddable":true,"href":"https:\/\/linoexpress.com\/hu\/wp-json\/wp\/v2\/product_brand?post=18740"},{"taxonomy":"product_cat","embeddable":true,"href":"https:\/\/linoexpress.com\/hu\/wp-json\/wp\/v2\/product_cat?post=18740"},{"taxonomy":"product_tag","embeddable":true,"href":"https:\/\/linoexpress.com\/hu\/wp-json\/wp\/v2\/product_tag?post=18740"}],"curies":[{"name":"wp","href":"https:\/\/api.w.org\/{rel}","templated":true}]}}