{"id":18864,"date":"2025-03-31T14:23:43","date_gmt":"2025-03-31T12:23:43","guid":{"rendered":"https:\/\/linoexpress.com\/hu\/?post_type=product&#038;p=18864"},"modified":"2025-09-18T10:38:26","modified_gmt":"2025-09-18T08:38:26","slug":"egyeni-boksz-edzoszalag","status":"publish","type":"product","link":"https:\/\/linoexpress.com\/hu\/termek\/egyeni-boksz-edzoszalag\/","title":{"rendered":"Egy\u00e9ni boksz edz\u0151szalag"},"content":{"rendered":"","protected":false},"excerpt":{"rendered":"<p>Innovat\u00edv boksz edz\u0151p\u00e1nt, amely jav\u00edtja a sebess\u00e9get, az er\u0151t \u00e9s a mozg\u00e9konys\u00e1got. Seg\u00edt meger\u0151s\u00edteni a kulcsizmokat, \u00e9s biztos\u00edtja a robban\u00e9kony mozg\u00e1sokat s\u00falyok n\u00e9lk\u00fcl.<\/p>\n","protected":false},"featured_media":18695,"comment_status":"closed","ping_status":"closed","template":"","meta":{"inline_featured_image":false},"product_brand":[],"product_cat":[28,15,26],"product_tag":[],"class_list":{"0":"post-18864","1":"product","2":"type-product","3":"status-publish","4":"has-post-thumbnail","6":"product_cat-beauty","7":"product_cat-uncategorized","8":"product_cat-health","10":"first","11":"instock","12":"sale","13":"taxable","14":"shipping-taxable","15":"purchasable","16":"product-type-simple"},"acf":[],"_links":{"self":[{"href":"https:\/\/linoexpress.com\/hu\/wp-json\/wp\/v2\/product\/18864","targetHints":{"allow":["GET"]}}],"collection":[{"href":"https:\/\/linoexpress.com\/hu\/wp-json\/wp\/v2\/product"}],"about":[{"href":"https:\/\/linoexpress.com\/hu\/wp-json\/wp\/v2\/types\/product"}],"replies":[{"embeddable":true,"href":"https:\/\/linoexpress.com\/hu\/wp-json\/wp\/v2\/comments?post=18864"}],"wp:featuredmedia":[{"embeddable":true,"href":"https:\/\/linoexpress.com\/hu\/wp-json\/wp\/v2\/media\/18695"}],"wp:attachment":[{"href":"https:\/\/linoexpress.com\/hu\/wp-json\/wp\/v2\/media?parent=18864"}],"wp:term":[{"taxonomy":"product_brand","embeddable":true,"href":"https:\/\/linoexpress.com\/hu\/wp-json\/wp\/v2\/product_brand?post=18864"},{"taxonomy":"product_cat","embeddable":true,"href":"https:\/\/linoexpress.com\/hu\/wp-json\/wp\/v2\/product_cat?post=18864"},{"taxonomy":"product_tag","embeddable":true,"href":"https:\/\/linoexpress.com\/hu\/wp-json\/wp\/v2\/product_tag?post=18864"}],"curies":[{"name":"wp","href":"https:\/\/api.w.org\/{rel}","templated":true}]}}