{"id":18895,"date":"2025-04-04T00:01:05","date_gmt":"2025-04-03T22:01:05","guid":{"rendered":"https:\/\/linoexpress.com\/hu\/?post_type=product&#038;p=18895"},"modified":"2025-09-18T10:28:42","modified_gmt":"2025-09-18T08:28:42","slug":"pozicionalo-ajtobeepiteshez","status":"publish","type":"product","link":"https:\/\/linoexpress.com\/hu\/termek\/pozicionalo-ajtobeepiteshez\/","title":{"rendered":"Poz\u00edcion\u00e1l\u00f3 ajt\u00f3be\u00e9p\u00edt\u00e9shez"},"content":{"rendered":"","protected":false},"excerpt":{"rendered":"<p>Pontos \u00e9s egyszer\u0171 eszk\u00f6z szekr\u00e9nyajt\u00f3k beszerel\u00e9s\u00e9hez. Gyors szintez\u00e9st \u00e9s biztons\u00e1gos r\u00f6gz\u00edt\u00e9st tesz lehet\u0151v\u00e9 tov\u00e1bbi seg\u00edts\u00e9g n\u00e9lk\u00fcl. Tart\u00f3s alum\u00ednium \u00f6tv\u00f6zetb\u0151l k\u00e9sz\u00fclt a hossz\u00fa \u00e9lettartam \u00e9rdek\u00e9ben.<\/p>\n","protected":false},"featured_media":18584,"comment_status":"closed","ping_status":"closed","template":"","meta":{"inline_featured_image":false},"product_brand":[],"product_cat":[27,15],"product_tag":[],"class_list":{"0":"post-18895","1":"product","2":"type-product","3":"status-publish","4":"has-post-thumbnail","6":"product_cat-home","7":"product_cat-uncategorized","9":"first","10":"instock","11":"sale","12":"taxable","13":"shipping-taxable","14":"purchasable","15":"product-type-simple"},"acf":[],"_links":{"self":[{"href":"https:\/\/linoexpress.com\/hu\/wp-json\/wp\/v2\/product\/18895","targetHints":{"allow":["GET"]}}],"collection":[{"href":"https:\/\/linoexpress.com\/hu\/wp-json\/wp\/v2\/product"}],"about":[{"href":"https:\/\/linoexpress.com\/hu\/wp-json\/wp\/v2\/types\/product"}],"replies":[{"embeddable":true,"href":"https:\/\/linoexpress.com\/hu\/wp-json\/wp\/v2\/comments?post=18895"}],"wp:featuredmedia":[{"embeddable":true,"href":"https:\/\/linoexpress.com\/hu\/wp-json\/wp\/v2\/media\/18584"}],"wp:attachment":[{"href":"https:\/\/linoexpress.com\/hu\/wp-json\/wp\/v2\/media?parent=18895"}],"wp:term":[{"taxonomy":"product_brand","embeddable":true,"href":"https:\/\/linoexpress.com\/hu\/wp-json\/wp\/v2\/product_brand?post=18895"},{"taxonomy":"product_cat","embeddable":true,"href":"https:\/\/linoexpress.com\/hu\/wp-json\/wp\/v2\/product_cat?post=18895"},{"taxonomy":"product_tag","embeddable":true,"href":"https:\/\/linoexpress.com\/hu\/wp-json\/wp\/v2\/product_tag?post=18895"}],"curies":[{"name":"wp","href":"https:\/\/api.w.org\/{rel}","templated":true}]}}