{"id":18915,"date":"2025-04-04T14:34:49","date_gmt":"2025-04-04T12:34:49","guid":{"rendered":"https:\/\/linoexpress.com\/hu\/?post_type=product&#038;p=18915"},"modified":"2025-09-18T10:00:49","modified_gmt":"2025-09-18T08:00:49","slug":"valodi-arcmaszkok","status":"publish","type":"product","link":"https:\/\/linoexpress.com\/hu\/termek\/valodi-arcmaszkok\/","title":{"rendered":"Val\u00f3di arcmaszkok"},"content":{"rendered":"","protected":false},"excerpt":{"rendered":"<p>V\u00e1ltozz valaki m\u00e1ss\u00e1 egy pillanat alatt!<br \/>\nKiv\u00e1l\u00f3 min\u0151s\u00e9g\u0171, val\u00f3s\u00e1gh\u0171 maszkok term\u00e9szetes latexb\u0151l. T\u00f6k\u00e9letes Halloween-hez, \u00e1larcosb\u00e1lokhoz, tematikus bulikhoz vagy felejthetetlen cs\u00ednytev\u00e9sekhez a bar\u00e1tokkal.<\/p>\n","protected":false},"featured_media":18924,"comment_status":"closed","ping_status":"closed","template":"","meta":{"inline_featured_image":false},"product_brand":[],"product_cat":[27,15],"product_tag":[],"class_list":{"0":"post-18915","1":"product","2":"type-product","3":"status-publish","4":"has-post-thumbnail","6":"product_cat-home","7":"product_cat-uncategorized","9":"first","10":"instock","11":"sale","12":"taxable","13":"shipping-taxable","14":"purchasable","15":"product-type-simple"},"acf":[],"_links":{"self":[{"href":"https:\/\/linoexpress.com\/hu\/wp-json\/wp\/v2\/product\/18915","targetHints":{"allow":["GET"]}}],"collection":[{"href":"https:\/\/linoexpress.com\/hu\/wp-json\/wp\/v2\/product"}],"about":[{"href":"https:\/\/linoexpress.com\/hu\/wp-json\/wp\/v2\/types\/product"}],"replies":[{"embeddable":true,"href":"https:\/\/linoexpress.com\/hu\/wp-json\/wp\/v2\/comments?post=18915"}],"wp:featuredmedia":[{"embeddable":true,"href":"https:\/\/linoexpress.com\/hu\/wp-json\/wp\/v2\/media\/18924"}],"wp:attachment":[{"href":"https:\/\/linoexpress.com\/hu\/wp-json\/wp\/v2\/media?parent=18915"}],"wp:term":[{"taxonomy":"product_brand","embeddable":true,"href":"https:\/\/linoexpress.com\/hu\/wp-json\/wp\/v2\/product_brand?post=18915"},{"taxonomy":"product_cat","embeddable":true,"href":"https:\/\/linoexpress.com\/hu\/wp-json\/wp\/v2\/product_cat?post=18915"},{"taxonomy":"product_tag","embeddable":true,"href":"https:\/\/linoexpress.com\/hu\/wp-json\/wp\/v2\/product_tag?post=18915"}],"curies":[{"name":"wp","href":"https:\/\/api.w.org\/{rel}","templated":true}]}}