{"id":19002,"date":"2025-04-09T09:20:41","date_gmt":"2025-04-09T07:20:41","guid":{"rendered":"https:\/\/linoexpress.com\/hu\/?post_type=product&#038;p=19002"},"modified":"2025-04-28T10:24:38","modified_gmt":"2025-04-28T08:24:38","slug":"2-az-1-ben-elektromos-es-manualis-auto","status":"publish","type":"product","link":"https:\/\/linoexpress.com\/hu\/termek\/2-az-1-ben-elektromos-es-manualis-auto\/","title":{"rendered":"2 az 1-ben elektromos \u00e9s manu\u00e1lis aut\u00f3"},"content":{"rendered":"","protected":false},"excerpt":{"rendered":"<p>Ez az innovat\u00edv j\u00e1t\u00e9kaut\u00f3 k\u00e9tszeres sz\u00f3rakoz\u00e1st \u00e9s rugalmass\u00e1got biztos\u00edt a gyerekeknek. Haszn\u00e1lhatj\u00e1k manu\u00e1lisan a korm\u00e1nyker\u00e9k elford\u00edt\u00e1s\u00e1val, vagy aktiv\u00e1lhatj\u00e1k az elektromos hajt\u00e1st a m\u00e9g k\u00e9nyelmesebb utaz\u00e1s \u00e9rdek\u00e9ben. Ide\u00e1lis belt\u00e9ri \u00e9s k\u00fclt\u00e9ri j\u00e1t\u00e9khoz, biztons\u00e1gos \u00e9s stabil kialak\u00edt\u00e1sa biztos\u00edtja a gondtalan j\u00e1t\u00e9kot.<\/p>\n","protected":false},"featured_media":19005,"comment_status":"closed","ping_status":"closed","template":"","meta":{"inline_featured_image":false},"product_brand":[],"product_cat":[27,15],"product_tag":[],"class_list":{"0":"post-19002","1":"product","2":"type-product","3":"status-publish","4":"has-post-thumbnail","6":"product_cat-home","7":"product_cat-uncategorized","9":"first","10":"instock","11":"sale","12":"taxable","13":"shipping-taxable","14":"purchasable","15":"product-type-simple"},"acf":[],"_links":{"self":[{"href":"https:\/\/linoexpress.com\/hu\/wp-json\/wp\/v2\/product\/19002","targetHints":{"allow":["GET"]}}],"collection":[{"href":"https:\/\/linoexpress.com\/hu\/wp-json\/wp\/v2\/product"}],"about":[{"href":"https:\/\/linoexpress.com\/hu\/wp-json\/wp\/v2\/types\/product"}],"replies":[{"embeddable":true,"href":"https:\/\/linoexpress.com\/hu\/wp-json\/wp\/v2\/comments?post=19002"}],"wp:featuredmedia":[{"embeddable":true,"href":"https:\/\/linoexpress.com\/hu\/wp-json\/wp\/v2\/media\/19005"}],"wp:attachment":[{"href":"https:\/\/linoexpress.com\/hu\/wp-json\/wp\/v2\/media?parent=19002"}],"wp:term":[{"taxonomy":"product_brand","embeddable":true,"href":"https:\/\/linoexpress.com\/hu\/wp-json\/wp\/v2\/product_brand?post=19002"},{"taxonomy":"product_cat","embeddable":true,"href":"https:\/\/linoexpress.com\/hu\/wp-json\/wp\/v2\/product_cat?post=19002"},{"taxonomy":"product_tag","embeddable":true,"href":"https:\/\/linoexpress.com\/hu\/wp-json\/wp\/v2\/product_tag?post=19002"}],"curies":[{"name":"wp","href":"https:\/\/api.w.org\/{rel}","templated":true}]}}