{"id":19365,"date":"2025-06-20T00:02:25","date_gmt":"2025-06-19T22:02:25","guid":{"rendered":"https:\/\/linoexpress.com\/hu\/?post_type=product&#038;p=19365"},"modified":"2025-06-20T01:31:15","modified_gmt":"2025-06-19T23:31:15","slug":"turbo-legfuvo","status":"publish","type":"product","link":"https:\/\/linoexpress.com\/hu\/termek\/turbo-legfuvo\/","title":{"rendered":"Turbo l\u00e9gf\u00fav\u00f3"},"content":{"rendered":"","protected":false},"excerpt":{"rendered":"<p>A vezet\u00e9k n\u00e9lk\u00fcli turb\u00f3 l\u00e9gf\u00fav\u00f3 egy er\u0151teljes, t\u00f6bbfunkci\u00f3s eszk\u00f6z tiszt\u00edt\u00e1shoz, sz\u00e1r\u00edt\u00e1shoz \u00e9s felf\u00faj\u00e1shoz. Ide\u00e1lis aut\u00f3hoz, elektronik\u00e1hoz, otthoni \u00e9s k\u00fclt\u00e9ri haszn\u00e1latra. Kompakt, m\u00e9gis rendk\u00edv\u00fcl er\u0151s \u2013 gyorsabb\u00e1 \u00e9s k\u00f6nnyebb\u00e9 teszi a mindennapi feladatokat.<\/p>\n","protected":false},"featured_media":19377,"comment_status":"closed","ping_status":"closed","template":"","meta":{"inline_featured_image":false},"product_brand":[],"product_cat":[27,15],"product_tag":[],"class_list":{"0":"post-19365","1":"product","2":"type-product","3":"status-publish","4":"has-post-thumbnail","6":"product_cat-home","7":"product_cat-uncategorized","9":"first","10":"instock","11":"sale","12":"taxable","13":"shipping-taxable","14":"purchasable","15":"product-type-simple"},"acf":[],"_links":{"self":[{"href":"https:\/\/linoexpress.com\/hu\/wp-json\/wp\/v2\/product\/19365","targetHints":{"allow":["GET"]}}],"collection":[{"href":"https:\/\/linoexpress.com\/hu\/wp-json\/wp\/v2\/product"}],"about":[{"href":"https:\/\/linoexpress.com\/hu\/wp-json\/wp\/v2\/types\/product"}],"replies":[{"embeddable":true,"href":"https:\/\/linoexpress.com\/hu\/wp-json\/wp\/v2\/comments?post=19365"}],"wp:featuredmedia":[{"embeddable":true,"href":"https:\/\/linoexpress.com\/hu\/wp-json\/wp\/v2\/media\/19377"}],"wp:attachment":[{"href":"https:\/\/linoexpress.com\/hu\/wp-json\/wp\/v2\/media?parent=19365"}],"wp:term":[{"taxonomy":"product_brand","embeddable":true,"href":"https:\/\/linoexpress.com\/hu\/wp-json\/wp\/v2\/product_brand?post=19365"},{"taxonomy":"product_cat","embeddable":true,"href":"https:\/\/linoexpress.com\/hu\/wp-json\/wp\/v2\/product_cat?post=19365"},{"taxonomy":"product_tag","embeddable":true,"href":"https:\/\/linoexpress.com\/hu\/wp-json\/wp\/v2\/product_tag?post=19365"}],"curies":[{"name":"wp","href":"https:\/\/api.w.org\/{rel}","templated":true}]}}