{"id":19388,"date":"2025-06-25T01:04:12","date_gmt":"2025-06-24T23:04:12","guid":{"rendered":"https:\/\/linoexpress.com\/hu\/?post_type=product&#038;p=19388"},"modified":"2025-06-25T16:56:01","modified_gmt":"2025-06-25T14:56:01","slug":"akril-fali-tukor-falra","status":"publish","type":"product","link":"https:\/\/linoexpress.com\/hu\/termek\/akril-fali-tukor-falra\/","title":{"rendered":"Akril fali t\u00fck\u00f6r falra"},"content":{"rendered":"","protected":false},"excerpt":{"rendered":"<p data-start=\"281\" data-end=\"541\">Biztons\u00e1gos, praktikus \u00e9s rendk\u00edv\u00fcl tart\u00f3s \u2013 az akril t\u00fck\u00f6r t\u00f6k\u00e9letes v\u00e1laszt\u00e1s minden otthonba. Nem t\u00f6rik \u00f6ssze, mint az \u00fcveg, \u00e9s k\u00f6nnyen felszerelhet\u0151 szersz\u00e1mok n\u00e9lk\u00fcl. Kiv\u00e1l\u00f3an alkalmas a t\u00e9r vizu\u00e1lis n\u00f6vel\u00e9s\u00e9re \u00e9s mindennapi haszn\u00e1latra.<\/p>\n<p data-start=\"543\" data-end=\"604\">\n","protected":false},"featured_media":19395,"comment_status":"closed","ping_status":"closed","template":"","meta":{"inline_featured_image":false},"product_brand":[],"product_cat":[27,15],"product_tag":[],"class_list":{"0":"post-19388","1":"product","2":"type-product","3":"status-publish","4":"has-post-thumbnail","6":"product_cat-home","7":"product_cat-uncategorized","9":"first","10":"instock","11":"sale","12":"taxable","13":"shipping-taxable","14":"purchasable","15":"product-type-simple"},"acf":[],"_links":{"self":[{"href":"https:\/\/linoexpress.com\/hu\/wp-json\/wp\/v2\/product\/19388","targetHints":{"allow":["GET"]}}],"collection":[{"href":"https:\/\/linoexpress.com\/hu\/wp-json\/wp\/v2\/product"}],"about":[{"href":"https:\/\/linoexpress.com\/hu\/wp-json\/wp\/v2\/types\/product"}],"replies":[{"embeddable":true,"href":"https:\/\/linoexpress.com\/hu\/wp-json\/wp\/v2\/comments?post=19388"}],"wp:featuredmedia":[{"embeddable":true,"href":"https:\/\/linoexpress.com\/hu\/wp-json\/wp\/v2\/media\/19395"}],"wp:attachment":[{"href":"https:\/\/linoexpress.com\/hu\/wp-json\/wp\/v2\/media?parent=19388"}],"wp:term":[{"taxonomy":"product_brand","embeddable":true,"href":"https:\/\/linoexpress.com\/hu\/wp-json\/wp\/v2\/product_brand?post=19388"},{"taxonomy":"product_cat","embeddable":true,"href":"https:\/\/linoexpress.com\/hu\/wp-json\/wp\/v2\/product_cat?post=19388"},{"taxonomy":"product_tag","embeddable":true,"href":"https:\/\/linoexpress.com\/hu\/wp-json\/wp\/v2\/product_tag?post=19388"}],"curies":[{"name":"wp","href":"https:\/\/api.w.org\/{rel}","templated":true}]}}