{"id":19408,"date":"2025-06-25T19:29:44","date_gmt":"2025-06-25T17:29:44","guid":{"rendered":"https:\/\/linoexpress.com\/hu\/?post_type=product&#038;p=19408"},"modified":"2025-06-26T11:20:34","modified_gmt":"2025-06-26T09:20:34","slug":"luxus-garazs-gyujtoi-automodellek-szamara","status":"publish","type":"product","link":"https:\/\/linoexpress.com\/hu\/termek\/luxus-garazs-gyujtoi-automodellek-szamara\/","title":{"rendered":"Luxus gar\u00e1zs gy\u0171jt\u0151i aut\u00f3modellek sz\u00e1m\u00e1ra"},"content":{"rendered":"","protected":false},"excerpt":{"rendered":"<p data-start=\"2065\" data-end=\"2404\">Ez a luxus mini gar\u00e1zs t\u00f6k\u00e9letes megold\u00e1s a gy\u0171jt\u0151i aut\u00f3modelljeid ki\u00e1ll\u00edt\u00e1s\u00e1ra. St\u00edlusos LED megvil\u00e1g\u00edt\u00e1ssal \u00e9s modern diz\u00e1jnnal k\u00edn\u00e1l eleg\u00e1ns helyet egyetlen modellnek. T\u00f6bb gar\u00e1zs is rendelhet\u0151, \u00edgy nagyobb kollekci\u00f3t k\u00e9pezhetsz. Magas min\u0151s\u00e9g\u0171 anyagokb\u00f3l k\u00e9sz\u00fclt, ami hossz\u00fa \u00e9lettartamot \u00e9s biztons\u00e1got biztos\u00edt a gy\u0171jtem\u00e9nyed sz\u00e1m\u00e1ra.<\/p>\n","protected":false},"featured_media":19414,"comment_status":"closed","ping_status":"closed","template":"","meta":{"inline_featured_image":false},"product_brand":[],"product_cat":[27,15],"product_tag":[],"class_list":{"0":"post-19408","1":"product","2":"type-product","3":"status-publish","4":"has-post-thumbnail","6":"product_cat-home","7":"product_cat-uncategorized","9":"first","10":"instock","11":"sale","12":"taxable","13":"shipping-taxable","14":"purchasable","15":"product-type-simple"},"acf":[],"_links":{"self":[{"href":"https:\/\/linoexpress.com\/hu\/wp-json\/wp\/v2\/product\/19408","targetHints":{"allow":["GET"]}}],"collection":[{"href":"https:\/\/linoexpress.com\/hu\/wp-json\/wp\/v2\/product"}],"about":[{"href":"https:\/\/linoexpress.com\/hu\/wp-json\/wp\/v2\/types\/product"}],"replies":[{"embeddable":true,"href":"https:\/\/linoexpress.com\/hu\/wp-json\/wp\/v2\/comments?post=19408"}],"wp:featuredmedia":[{"embeddable":true,"href":"https:\/\/linoexpress.com\/hu\/wp-json\/wp\/v2\/media\/19414"}],"wp:attachment":[{"href":"https:\/\/linoexpress.com\/hu\/wp-json\/wp\/v2\/media?parent=19408"}],"wp:term":[{"taxonomy":"product_brand","embeddable":true,"href":"https:\/\/linoexpress.com\/hu\/wp-json\/wp\/v2\/product_brand?post=19408"},{"taxonomy":"product_cat","embeddable":true,"href":"https:\/\/linoexpress.com\/hu\/wp-json\/wp\/v2\/product_cat?post=19408"},{"taxonomy":"product_tag","embeddable":true,"href":"https:\/\/linoexpress.com\/hu\/wp-json\/wp\/v2\/product_tag?post=19408"}],"curies":[{"name":"wp","href":"https:\/\/api.w.org\/{rel}","templated":true}]}}