{"id":19427,"date":"2025-06-26T01:11:02","date_gmt":"2025-06-25T23:11:02","guid":{"rendered":"https:\/\/linoexpress.com\/hu\/?post_type=product&#038;p=19427"},"modified":"2026-03-11T00:22:49","modified_gmt":"2026-03-10T23:22:49","slug":"hordozhato-spa-kad","status":"publish","type":"product","link":"https:\/\/linoexpress.com\/hu\/termek\/hordozhato-spa-kad\/","title":{"rendered":"Hordozhat\u00f3 spa k\u00e1d"},"content":{"rendered":"","protected":false},"excerpt":{"rendered":"<p>A hordozhat\u00f3 mini k\u00e1d ide\u00e1lis megold\u00e1s a relax\u00e1ci\u00f3hoz b\u00e1rmilyen t\u00e9rben \u2013 otthon, utaz\u00e1s k\u00f6zben vagy ak\u00e1r a szabadban. Az \u00f6sszecsukhat\u00f3 kialak\u00edt\u00e1snak k\u00f6sz\u00f6nhet\u0151en minim\u00e1lis helyet foglal \u00e9s k\u00f6nnyen sz\u00e1ll\u00edthat\u00f3. Biztons\u00e1gos, k\u00e9nyelmes \u00e9s h\u0151szigetel\u0151 anyagokb\u00f3l k\u00e9sz\u00fclt, teljes spa \u00e9lm\u00e9nyt ny\u00fajt.<\/p>\n","protected":false},"featured_media":19441,"comment_status":"closed","ping_status":"closed","template":"","meta":{"inline_featured_image":false},"product_brand":[],"product_cat":[27,15],"product_tag":[],"class_list":{"0":"post-19427","1":"product","2":"type-product","3":"status-publish","4":"has-post-thumbnail","6":"product_cat-home","7":"product_cat-uncategorized","9":"first","10":"instock","11":"sale","12":"taxable","13":"shipping-taxable","14":"purchasable","15":"product-type-simple"},"acf":[],"_links":{"self":[{"href":"https:\/\/linoexpress.com\/hu\/wp-json\/wp\/v2\/product\/19427","targetHints":{"allow":["GET"]}}],"collection":[{"href":"https:\/\/linoexpress.com\/hu\/wp-json\/wp\/v2\/product"}],"about":[{"href":"https:\/\/linoexpress.com\/hu\/wp-json\/wp\/v2\/types\/product"}],"replies":[{"embeddable":true,"href":"https:\/\/linoexpress.com\/hu\/wp-json\/wp\/v2\/comments?post=19427"}],"wp:featuredmedia":[{"embeddable":true,"href":"https:\/\/linoexpress.com\/hu\/wp-json\/wp\/v2\/media\/19441"}],"wp:attachment":[{"href":"https:\/\/linoexpress.com\/hu\/wp-json\/wp\/v2\/media?parent=19427"}],"wp:term":[{"taxonomy":"product_brand","embeddable":true,"href":"https:\/\/linoexpress.com\/hu\/wp-json\/wp\/v2\/product_brand?post=19427"},{"taxonomy":"product_cat","embeddable":true,"href":"https:\/\/linoexpress.com\/hu\/wp-json\/wp\/v2\/product_cat?post=19427"},{"taxonomy":"product_tag","embeddable":true,"href":"https:\/\/linoexpress.com\/hu\/wp-json\/wp\/v2\/product_tag?post=19427"}],"curies":[{"name":"wp","href":"https:\/\/api.w.org\/{rel}","templated":true}]}}