{"id":19461,"date":"2025-06-27T15:17:31","date_gmt":"2025-06-27T13:17:31","guid":{"rendered":"https:\/\/linoexpress.com\/hu\/?post_type=product&#038;p=19461"},"modified":"2025-06-27T23:30:25","modified_gmt":"2025-06-27T21:30:25","slug":"automatikus-uv-napellenzo","status":"publish","type":"product","link":"https:\/\/linoexpress.com\/hu\/termek\/automatikus-uv-napellenzo\/","title":{"rendered":"Automatikus UV napellenz\u0151"},"content":{"rendered":"","protected":false},"excerpt":{"rendered":"<p>V\u00e9dje meg aut\u00f3ja belsej\u00e9t a napt\u00f3l \u00e9s a h\u0151t\u0151l az automatikus \u00f6sszecsukhat\u00f3 sz\u00e9lv\u00e9d\u0151 napellenz\u0151vel. Gyorsan felszerelhet\u0151 \u00e9s egy mozdulattal beh\u00fazhat\u00f3, nem rontja az aut\u00f3 megjelen\u00e9s\u00e9t \u00e9s energi\u00e1t takar\u00edt meg.<\/p>\n","protected":false},"featured_media":19471,"comment_status":"closed","ping_status":"closed","template":"","meta":{"inline_featured_image":false},"product_brand":[],"product_cat":[27,15],"product_tag":[],"class_list":{"0":"post-19461","1":"product","2":"type-product","3":"status-publish","4":"has-post-thumbnail","6":"product_cat-home","7":"product_cat-uncategorized","9":"first","10":"instock","11":"sale","12":"taxable","13":"shipping-taxable","14":"purchasable","15":"product-type-simple"},"acf":[],"_links":{"self":[{"href":"https:\/\/linoexpress.com\/hu\/wp-json\/wp\/v2\/product\/19461","targetHints":{"allow":["GET"]}}],"collection":[{"href":"https:\/\/linoexpress.com\/hu\/wp-json\/wp\/v2\/product"}],"about":[{"href":"https:\/\/linoexpress.com\/hu\/wp-json\/wp\/v2\/types\/product"}],"replies":[{"embeddable":true,"href":"https:\/\/linoexpress.com\/hu\/wp-json\/wp\/v2\/comments?post=19461"}],"wp:featuredmedia":[{"embeddable":true,"href":"https:\/\/linoexpress.com\/hu\/wp-json\/wp\/v2\/media\/19471"}],"wp:attachment":[{"href":"https:\/\/linoexpress.com\/hu\/wp-json\/wp\/v2\/media?parent=19461"}],"wp:term":[{"taxonomy":"product_brand","embeddable":true,"href":"https:\/\/linoexpress.com\/hu\/wp-json\/wp\/v2\/product_brand?post=19461"},{"taxonomy":"product_cat","embeddable":true,"href":"https:\/\/linoexpress.com\/hu\/wp-json\/wp\/v2\/product_cat?post=19461"},{"taxonomy":"product_tag","embeddable":true,"href":"https:\/\/linoexpress.com\/hu\/wp-json\/wp\/v2\/product_tag?post=19461"}],"curies":[{"name":"wp","href":"https:\/\/api.w.org\/{rel}","templated":true}]}}