{"id":20302,"date":"2025-10-17T09:52:23","date_gmt":"2025-10-17T07:52:23","guid":{"rendered":"https:\/\/linoexpress.com\/hu\/?post_type=product&#038;p=20302"},"modified":"2026-03-11T00:22:29","modified_gmt":"2026-03-10T23:22:29","slug":"hangos-angol-nyelvkonyv","status":"publish","type":"product","link":"https:\/\/linoexpress.com\/hu\/termek\/hangos-angol-nyelvkonyv\/","title":{"rendered":"Hangos angol nyelvk\u00f6nyv"},"content":{"rendered":"","protected":false},"excerpt":{"rendered":"<p>Az interakt\u00edv hangos k\u00f6nyv seg\u00edt a gyerekeknek t\u00f6bb mint 470 angol sz\u00f3 elsaj\u00e1t\u00edt\u00e1s\u00e1ban 21 t\u00e9ma, kv\u00edzek \u00e9s dalok seg\u00edts\u00e9g\u00e9vel. Ide\u00e1lis otthoni haszn\u00e1latra, \u00f3vod\u00e1ba, iskol\u00e1ba vagy oktat\u00f3 aj\u00e1nd\u00e9knak. A k\u00f6nyv \u00f6tv\u00f6zi a sz\u00f3rakoz\u00e1st \u00e9s a tanul\u00e1st, \u00f6szt\u00f6n\u00f6zve a gyerekeket az \u00f6n\u00e1ll\u00f3 felfedez\u00e9sre \u00e9s besz\u00e9dre.<\/p>\n","protected":false},"featured_media":20308,"comment_status":"closed","ping_status":"closed","template":"","meta":{"inline_featured_image":false},"product_brand":[],"product_cat":[27,15,35],"product_tag":[],"class_list":{"0":"post-20302","1":"product","2":"type-product","3":"status-publish","4":"has-post-thumbnail","6":"product_cat-home","7":"product_cat-uncategorized","8":"product_cat-fun","10":"first","11":"instock","12":"sale","13":"taxable","14":"shipping-taxable","15":"purchasable","16":"product-type-simple"},"acf":[],"_links":{"self":[{"href":"https:\/\/linoexpress.com\/hu\/wp-json\/wp\/v2\/product\/20302","targetHints":{"allow":["GET"]}}],"collection":[{"href":"https:\/\/linoexpress.com\/hu\/wp-json\/wp\/v2\/product"}],"about":[{"href":"https:\/\/linoexpress.com\/hu\/wp-json\/wp\/v2\/types\/product"}],"replies":[{"embeddable":true,"href":"https:\/\/linoexpress.com\/hu\/wp-json\/wp\/v2\/comments?post=20302"}],"wp:featuredmedia":[{"embeddable":true,"href":"https:\/\/linoexpress.com\/hu\/wp-json\/wp\/v2\/media\/20308"}],"wp:attachment":[{"href":"https:\/\/linoexpress.com\/hu\/wp-json\/wp\/v2\/media?parent=20302"}],"wp:term":[{"taxonomy":"product_brand","embeddable":true,"href":"https:\/\/linoexpress.com\/hu\/wp-json\/wp\/v2\/product_brand?post=20302"},{"taxonomy":"product_cat","embeddable":true,"href":"https:\/\/linoexpress.com\/hu\/wp-json\/wp\/v2\/product_cat?post=20302"},{"taxonomy":"product_tag","embeddable":true,"href":"https:\/\/linoexpress.com\/hu\/wp-json\/wp\/v2\/product_tag?post=20302"}],"curies":[{"name":"wp","href":"https:\/\/api.w.org\/{rel}","templated":true}]}}