{"id":20322,"date":"2025-10-17T16:24:15","date_gmt":"2025-10-17T14:24:15","guid":{"rendered":"https:\/\/linoexpress.com\/hu\/?post_type=product&#038;p=20322"},"modified":"2026-03-11T00:21:57","modified_gmt":"2026-03-10T23:21:57","slug":"erzelmi-plussjatek-kuschelkoala","status":"publish","type":"product","link":"https:\/\/linoexpress.com\/hu\/termek\/erzelmi-plussjatek-kuschelkoala\/","title":{"rendered":"\u00c9rzelmi pl\u00fcssj\u00e1t\u00e9k &#8211; KuschelKoala"},"content":{"rendered":"","protected":false},"excerpt":{"rendered":"<p>A KuschelKoala t\u00f6bb, mint egy \u00e1tlagos pl\u00fcssj\u00e1t\u00e9k \u2013 egy kis \u00e9rzelmi t\u00e1rs. Puha \u00e9s kedves tapint\u00e1s\u00fa text\u00far\u00e1ja biztons\u00e1g\u00e9rzetet ny\u00fajt, cs\u00f6kkenti a stresszt \u00e9s a mag\u00e1nyt, valamint serkenti a boldogs\u00e1ghormon \u2013 az oxytocin \u2013 felszabadul\u00e1s\u00e1t. Ide\u00e1lis gyermekek \u00e9s feln\u0151ttek sz\u00e1m\u00e1ra, otthon, utaz\u00e1s k\u00f6zben vagy \u00e1lland\u00f3 vigaszt ny\u00fajt\u00f3 t\u00e1rsk\u00e9nt.<\/p>\n","protected":false},"featured_media":20324,"comment_status":"closed","ping_status":"closed","template":"","meta":{"inline_featured_image":false},"product_brand":[],"product_cat":[27,15,35],"product_tag":[],"class_list":{"0":"post-20322","1":"product","2":"type-product","3":"status-publish","4":"has-post-thumbnail","6":"product_cat-home","7":"product_cat-uncategorized","8":"product_cat-fun","10":"first","11":"instock","12":"sale","13":"taxable","14":"shipping-taxable","15":"purchasable","16":"product-type-simple"},"acf":[],"_links":{"self":[{"href":"https:\/\/linoexpress.com\/hu\/wp-json\/wp\/v2\/product\/20322","targetHints":{"allow":["GET"]}}],"collection":[{"href":"https:\/\/linoexpress.com\/hu\/wp-json\/wp\/v2\/product"}],"about":[{"href":"https:\/\/linoexpress.com\/hu\/wp-json\/wp\/v2\/types\/product"}],"replies":[{"embeddable":true,"href":"https:\/\/linoexpress.com\/hu\/wp-json\/wp\/v2\/comments?post=20322"}],"wp:featuredmedia":[{"embeddable":true,"href":"https:\/\/linoexpress.com\/hu\/wp-json\/wp\/v2\/media\/20324"}],"wp:attachment":[{"href":"https:\/\/linoexpress.com\/hu\/wp-json\/wp\/v2\/media?parent=20322"}],"wp:term":[{"taxonomy":"product_brand","embeddable":true,"href":"https:\/\/linoexpress.com\/hu\/wp-json\/wp\/v2\/product_brand?post=20322"},{"taxonomy":"product_cat","embeddable":true,"href":"https:\/\/linoexpress.com\/hu\/wp-json\/wp\/v2\/product_cat?post=20322"},{"taxonomy":"product_tag","embeddable":true,"href":"https:\/\/linoexpress.com\/hu\/wp-json\/wp\/v2\/product_tag?post=20322"}],"curies":[{"name":"wp","href":"https:\/\/api.w.org\/{rel}","templated":true}]}}