{"id":20350,"date":"2025-10-20T23:38:57","date_gmt":"2025-10-20T21:38:57","guid":{"rendered":"https:\/\/linoexpress.com\/hu\/?post_type=product&#038;p=20350"},"modified":"2026-02-11T10:43:40","modified_gmt":"2026-02-11T09:43:40","slug":"huzodzkodo-segedszalag-fitband-pro","status":"publish","type":"product","link":"https:\/\/linoexpress.com\/hu\/termek\/huzodzkodo-segedszalag-fitband-pro\/","title":{"rendered":"H\u00faz\u00f3dzkod\u00f3 seg\u00e9dszalag \u2013 FitBand Pro"},"content":{"rendered":"","protected":false},"excerpt":{"rendered":"<p>Fejleszd otthoni edz\u00e9sed a h\u00faz\u00f3dzkod\u00f3 szalaggal, amely minden mozdulatban stabilit\u00e1st, biztons\u00e1got \u00e9s hat\u00e9konys\u00e1got ny\u00fajt. Nincs sz\u00fcks\u00e9g edz\u0151partnerre \u00e9s felesleges terhel\u00e9sre \u2013 csak Te, az er\u0151d \u00e9s egy okos edz\u0151eszk\u00f6z. T\u00f6k\u00e9letes kezd\u0151knek \u00e9s halad\u00f3 sportol\u00f3knak is, akik szeretn\u00e9k er\u0151s\u00edteni a fels\u0151test\u00fcket \u00e9s t\u00f6k\u00e9letes\u00edteni a h\u00faz\u00f3dzkod\u00e1s technik\u00e1j\u00e1t.<\/p>\n","protected":false},"featured_media":20354,"comment_status":"closed","ping_status":"closed","template":"","meta":{"inline_featured_image":false},"product_brand":[],"product_cat":[27,15,35,26],"product_tag":[],"class_list":{"0":"post-20350","1":"product","2":"type-product","3":"status-publish","4":"has-post-thumbnail","6":"product_cat-home","7":"product_cat-uncategorized","8":"product_cat-fun","9":"product_cat-health","11":"first","12":"instock","13":"sale","14":"taxable","15":"shipping-taxable","16":"purchasable","17":"product-type-simple"},"acf":[],"_links":{"self":[{"href":"https:\/\/linoexpress.com\/hu\/wp-json\/wp\/v2\/product\/20350","targetHints":{"allow":["GET"]}}],"collection":[{"href":"https:\/\/linoexpress.com\/hu\/wp-json\/wp\/v2\/product"}],"about":[{"href":"https:\/\/linoexpress.com\/hu\/wp-json\/wp\/v2\/types\/product"}],"replies":[{"embeddable":true,"href":"https:\/\/linoexpress.com\/hu\/wp-json\/wp\/v2\/comments?post=20350"}],"wp:featuredmedia":[{"embeddable":true,"href":"https:\/\/linoexpress.com\/hu\/wp-json\/wp\/v2\/media\/20354"}],"wp:attachment":[{"href":"https:\/\/linoexpress.com\/hu\/wp-json\/wp\/v2\/media?parent=20350"}],"wp:term":[{"taxonomy":"product_brand","embeddable":true,"href":"https:\/\/linoexpress.com\/hu\/wp-json\/wp\/v2\/product_brand?post=20350"},{"taxonomy":"product_cat","embeddable":true,"href":"https:\/\/linoexpress.com\/hu\/wp-json\/wp\/v2\/product_cat?post=20350"},{"taxonomy":"product_tag","embeddable":true,"href":"https:\/\/linoexpress.com\/hu\/wp-json\/wp\/v2\/product_tag?post=20350"}],"curies":[{"name":"wp","href":"https:\/\/api.w.org\/{rel}","templated":true}]}}