{"id":20379,"date":"2025-10-22T23:27:24","date_gmt":"2025-10-22T21:27:24","guid":{"rendered":"https:\/\/linoexpress.com\/hu\/?post_type=product&#038;p=20379"},"modified":"2026-03-11T00:22:11","modified_gmt":"2026-03-10T23:22:11","slug":"boxkeszlet-gyerekeknek","status":"publish","type":"product","link":"https:\/\/linoexpress.com\/hu\/termek\/boxkeszlet-gyerekeknek\/","title":{"rendered":"Boxk\u00e9szlet gyerekeknek"},"content":{"rendered":"","protected":false},"excerpt":{"rendered":"<p>Sz\u00f3rakoztat\u00f3 \u00e9s biztons\u00e1gos m\u00f3dja annak, hogy a gyerekek levezess\u00e9k a felesleges energi\u00e1t, fejlessz\u00e9k kond\u00edci\u00f3jukat \u00e9s koordin\u00e1ci\u00f3jukat! Ez a k\u00e9szlet \u00f6szt\u00f6nzi a sport ir\u00e1nti szeretetet, seg\u00edt az eg\u00e9szs\u00e9ges szok\u00e1sok kialak\u00edt\u00e1s\u00e1ban \u00e9s a stressz cs\u00f6kkent\u00e9s\u00e9ben a kicsikn\u00e9l. A min\u0151s\u00e9gi \u00e9s biztons\u00e1gos kivitelez\u00e9s garant\u00e1lja a tart\u00f3s \u00e9s biztons\u00e1gos haszn\u00e1latot.<\/p>\n","protected":false},"featured_media":20385,"comment_status":"closed","ping_status":"closed","template":"","meta":{"inline_featured_image":false},"product_brand":[],"product_cat":[27,15,35],"product_tag":[],"class_list":{"0":"post-20379","1":"product","2":"type-product","3":"status-publish","4":"has-post-thumbnail","6":"product_cat-home","7":"product_cat-uncategorized","8":"product_cat-fun","10":"first","11":"instock","12":"sale","13":"taxable","14":"shipping-taxable","15":"purchasable","16":"product-type-simple"},"acf":[],"_links":{"self":[{"href":"https:\/\/linoexpress.com\/hu\/wp-json\/wp\/v2\/product\/20379","targetHints":{"allow":["GET"]}}],"collection":[{"href":"https:\/\/linoexpress.com\/hu\/wp-json\/wp\/v2\/product"}],"about":[{"href":"https:\/\/linoexpress.com\/hu\/wp-json\/wp\/v2\/types\/product"}],"replies":[{"embeddable":true,"href":"https:\/\/linoexpress.com\/hu\/wp-json\/wp\/v2\/comments?post=20379"}],"wp:featuredmedia":[{"embeddable":true,"href":"https:\/\/linoexpress.com\/hu\/wp-json\/wp\/v2\/media\/20385"}],"wp:attachment":[{"href":"https:\/\/linoexpress.com\/hu\/wp-json\/wp\/v2\/media?parent=20379"}],"wp:term":[{"taxonomy":"product_brand","embeddable":true,"href":"https:\/\/linoexpress.com\/hu\/wp-json\/wp\/v2\/product_brand?post=20379"},{"taxonomy":"product_cat","embeddable":true,"href":"https:\/\/linoexpress.com\/hu\/wp-json\/wp\/v2\/product_cat?post=20379"},{"taxonomy":"product_tag","embeddable":true,"href":"https:\/\/linoexpress.com\/hu\/wp-json\/wp\/v2\/product_tag?post=20379"}],"curies":[{"name":"wp","href":"https:\/\/api.w.org\/{rel}","templated":true}]}}