{"id":20443,"date":"2025-11-04T11:04:57","date_gmt":"2025-11-04T10:04:57","guid":{"rendered":"https:\/\/linoexpress.com\/hu\/?post_type=product&#038;p=20443"},"modified":"2026-04-18T11:36:47","modified_gmt":"2026-04-18T09:36:47","slug":"pluss-robotkutya","status":"publish","type":"product","link":"https:\/\/linoexpress.com\/hu\/termek\/pluss-robotkutya\/","title":{"rendered":"Pl\u00fcss robotkutya"},"content":{"rendered":"","protected":false},"excerpt":{"rendered":"<p>Ez a b\u00e1jos pl\u00fcss robotkutya \u00f6r\u00f6m\u00f6t, meleget \u00e9s mosolyt hoz minden gyermek \u00e9let\u00e9be.<br data-start=\"306\" data-end=\"309\" \/>T\u00f6k\u00e9letes t\u00e1rs j\u00e1t\u00e9khoz, \u00f6lel\u00e9shez \u00e9s nyugodt alv\u00e1shoz \u2013 ak\u00e1rcsak egy igazi h\u00e1zi\u00e1llat.<br data-start=\"395\" data-end=\"398\" \/>Puha \u00e9s biztons\u00e1gos anyagb\u00f3l k\u00e9sz\u00fclt, interakt\u00edv funkci\u00f3kkal, amelyek \u00e9letre keltik a j\u00e1t\u00e9kot \u00e9s felejthetetlen pillanatokat teremtenek.<\/p>\n","protected":false},"featured_media":20448,"comment_status":"closed","ping_status":"closed","template":"","meta":{"inline_featured_image":false},"product_brand":[],"product_cat":[27,24,15,35],"product_tag":[],"class_list":{"0":"post-20443","1":"product","2":"type-product","3":"status-publish","4":"has-post-thumbnail","6":"product_cat-home","7":"product_cat-sale","8":"product_cat-uncategorized","9":"product_cat-fun","11":"first","12":"instock","13":"sale","14":"taxable","15":"shipping-taxable","16":"purchasable","17":"product-type-simple"},"acf":[],"_links":{"self":[{"href":"https:\/\/linoexpress.com\/hu\/wp-json\/wp\/v2\/product\/20443","targetHints":{"allow":["GET"]}}],"collection":[{"href":"https:\/\/linoexpress.com\/hu\/wp-json\/wp\/v2\/product"}],"about":[{"href":"https:\/\/linoexpress.com\/hu\/wp-json\/wp\/v2\/types\/product"}],"replies":[{"embeddable":true,"href":"https:\/\/linoexpress.com\/hu\/wp-json\/wp\/v2\/comments?post=20443"}],"wp:featuredmedia":[{"embeddable":true,"href":"https:\/\/linoexpress.com\/hu\/wp-json\/wp\/v2\/media\/20448"}],"wp:attachment":[{"href":"https:\/\/linoexpress.com\/hu\/wp-json\/wp\/v2\/media?parent=20443"}],"wp:term":[{"taxonomy":"product_brand","embeddable":true,"href":"https:\/\/linoexpress.com\/hu\/wp-json\/wp\/v2\/product_brand?post=20443"},{"taxonomy":"product_cat","embeddable":true,"href":"https:\/\/linoexpress.com\/hu\/wp-json\/wp\/v2\/product_cat?post=20443"},{"taxonomy":"product_tag","embeddable":true,"href":"https:\/\/linoexpress.com\/hu\/wp-json\/wp\/v2\/product_tag?post=20443"}],"curies":[{"name":"wp","href":"https:\/\/api.w.org\/{rel}","templated":true}]}}