{"id":20468,"date":"2025-11-05T19:01:25","date_gmt":"2025-11-05T18:01:25","guid":{"rendered":"https:\/\/linoexpress.com\/hu\/termek\/tracne-product\/"},"modified":"2026-03-10T17:27:11","modified_gmt":"2026-03-10T16:27:11","slug":"hordozhato-nyaknyujto","status":"publish","type":"product","link":"https:\/\/linoexpress.com\/hu\/termek\/hordozhato-nyaknyujto\/","title":{"rendered":"Hordozhat\u00f3 nyakny\u00fajt\u00f3"},"content":{"rendered":"","protected":false},"excerpt":{"rendered":"<p>Mondjon b\u00facs\u00fat a nyak merevs\u00e9g\u00e9nek \u00e9s fesz\u00fclts\u00e9g\u00e9nek ezzel a hordozhat\u00f3 nyakny\u00fajt\u00f3val, amelyet b\u00e1rmikor \u00e9s b\u00e1rhol haszn\u00e1lhat. Ide\u00e1lis hossz\u00fa sz\u00e1m\u00edt\u00f3g\u00e9pes munka, fizikai aktivit\u00e1s vagy f\u00e1raszt\u00f3 nap ut\u00e1ni fel\u00e9p\u00fcl\u00e9shez. Professzion\u00e1lis ny\u00fajt\u00e1st \u00e9s megk\u00f6nnyebb\u00fcl\u00e9st ny\u00fajt a nyak \u00e9s a v\u00e1ll izmainak \u2013 mindezt otthona k\u00e9nyelm\u00e9ben.<\/p>\n","protected":false},"featured_media":20469,"comment_status":"closed","ping_status":"closed","template":"","meta":{"inline_featured_image":false},"product_brand":[],"product_cat":[27,28,15,35,26],"product_tag":[],"class_list":{"0":"post-20468","1":"product","2":"type-product","3":"status-publish","4":"has-post-thumbnail","6":"product_cat-home","7":"product_cat-beauty","8":"product_cat-uncategorized","9":"product_cat-fun","10":"product_cat-health","12":"first","13":"instock","14":"sale","15":"taxable","16":"shipping-taxable","17":"purchasable","18":"product-type-simple"},"acf":[],"_links":{"self":[{"href":"https:\/\/linoexpress.com\/hu\/wp-json\/wp\/v2\/product\/20468","targetHints":{"allow":["GET"]}}],"collection":[{"href":"https:\/\/linoexpress.com\/hu\/wp-json\/wp\/v2\/product"}],"about":[{"href":"https:\/\/linoexpress.com\/hu\/wp-json\/wp\/v2\/types\/product"}],"replies":[{"embeddable":true,"href":"https:\/\/linoexpress.com\/hu\/wp-json\/wp\/v2\/comments?post=20468"}],"wp:featuredmedia":[{"embeddable":true,"href":"https:\/\/linoexpress.com\/hu\/wp-json\/wp\/v2\/media\/20469"}],"wp:attachment":[{"href":"https:\/\/linoexpress.com\/hu\/wp-json\/wp\/v2\/media?parent=20468"}],"wp:term":[{"taxonomy":"product_brand","embeddable":true,"href":"https:\/\/linoexpress.com\/hu\/wp-json\/wp\/v2\/product_brand?post=20468"},{"taxonomy":"product_cat","embeddable":true,"href":"https:\/\/linoexpress.com\/hu\/wp-json\/wp\/v2\/product_cat?post=20468"},{"taxonomy":"product_tag","embeddable":true,"href":"https:\/\/linoexpress.com\/hu\/wp-json\/wp\/v2\/product_tag?post=20468"}],"curies":[{"name":"wp","href":"https:\/\/api.w.org\/{rel}","templated":true}]}}