{"id":20486,"date":"2025-11-06T01:22:41","date_gmt":"2025-11-06T00:22:41","guid":{"rendered":"https:\/\/linoexpress.com\/hu\/termek\/pandy-product\/"},"modified":"2026-03-26T14:14:03","modified_gmt":"2026-03-26T13:14:03","slug":"bajos-panda-terapias-plussfigura","status":"publish","type":"product","link":"https:\/\/linoexpress.com\/hu\/termek\/bajos-panda-terapias-plussfigura\/","title":{"rendered":"B\u00e1jos panda ter\u00e1pi\u00e1s pl\u00fcssfigura"},"content":{"rendered":"","protected":false},"excerpt":{"rendered":"<p>A kedves panda ter\u00e1pi\u00e1s pl\u00fcss\u00e1llat az\u00e9rt k\u00e9sz\u00fclt, hogy vigaszt, biztons\u00e1got \u00e9s b\u00e9k\u00e9t ny\u00fajtson mindenkinek, akinek sz\u00fcks\u00e9ge van egy pillanatnyi gyeng\u00e9ds\u00e9gre.<br \/>\nK\u00fcl\u00f6nleges kialak\u00edt\u00e1s\u00e1nak k\u00f6sz\u00f6nhet\u0151en, amely gyeng\u00e9d mozdulatokkal \u00e9s kellemes s\u00fallyal rendelkezik, ez a panda ut\u00e1nozza egy val\u00f3di \u00f6lel\u00e9s \u00e9rz\u00e9s\u00e9t, \u00e9s el\u0151seg\u00edti a test \u00e9s az elme m\u00e9ly ellazul\u00e1s\u00e1t.<\/p>\n","protected":false},"featured_media":20487,"comment_status":"closed","ping_status":"closed","template":"","meta":{"inline_featured_image":false},"product_brand":[],"product_cat":[27,15,35,26],"product_tag":[],"class_list":{"0":"post-20486","1":"product","2":"type-product","3":"status-publish","4":"has-post-thumbnail","6":"product_cat-home","7":"product_cat-uncategorized","8":"product_cat-fun","9":"product_cat-health","11":"first","12":"instock","13":"sale","14":"taxable","15":"shipping-taxable","16":"purchasable","17":"product-type-simple"},"acf":[],"_links":{"self":[{"href":"https:\/\/linoexpress.com\/hu\/wp-json\/wp\/v2\/product\/20486","targetHints":{"allow":["GET"]}}],"collection":[{"href":"https:\/\/linoexpress.com\/hu\/wp-json\/wp\/v2\/product"}],"about":[{"href":"https:\/\/linoexpress.com\/hu\/wp-json\/wp\/v2\/types\/product"}],"replies":[{"embeddable":true,"href":"https:\/\/linoexpress.com\/hu\/wp-json\/wp\/v2\/comments?post=20486"}],"wp:featuredmedia":[{"embeddable":true,"href":"https:\/\/linoexpress.com\/hu\/wp-json\/wp\/v2\/media\/20487"}],"wp:attachment":[{"href":"https:\/\/linoexpress.com\/hu\/wp-json\/wp\/v2\/media?parent=20486"}],"wp:term":[{"taxonomy":"product_brand","embeddable":true,"href":"https:\/\/linoexpress.com\/hu\/wp-json\/wp\/v2\/product_brand?post=20486"},{"taxonomy":"product_cat","embeddable":true,"href":"https:\/\/linoexpress.com\/hu\/wp-json\/wp\/v2\/product_cat?post=20486"},{"taxonomy":"product_tag","embeddable":true,"href":"https:\/\/linoexpress.com\/hu\/wp-json\/wp\/v2\/product_tag?post=20486"}],"curies":[{"name":"wp","href":"https:\/\/api.w.org\/{rel}","templated":true}]}}