{"id":20500,"date":"2025-11-06T16:49:33","date_gmt":"2025-11-06T15:49:33","guid":{"rendered":"https:\/\/linoexpress.com\/hu\/termek\/musictrvo-product\/"},"modified":"2026-03-11T00:21:18","modified_gmt":"2026-03-10T23:21:18","slug":"zenedoboz-karacsonyi-vonat","status":"publish","type":"product","link":"https:\/\/linoexpress.com\/hu\/termek\/zenedoboz-karacsonyi-vonat\/","title":{"rendered":"Zenedoboz Kar\u00e1csonyi vonat"},"content":{"rendered":"","protected":false},"excerpt":{"rendered":"<p>A vonat retro diz\u00e1jnja gy\u00f6ny\u00f6r\u0171 kar\u00e1csonyi mot\u00edvumokkal \u00e9s \u00fcnnepi zen\u00e9vel meleg, mes\u00e9s hangulatot teremt minden otthonban. Ez az eleg\u00e1ns dekor\u00e1ci\u00f3 Mikul\u00e1ssal, aj\u00e1nd\u00e9kokkal \u00e9s h\u00f3g\u00f6mb hat\u00e1ssal t\u00f6k\u00e9letes v\u00e1laszt\u00e1s \u00fcnnepi asztalra, kandall\u00f3ra vagy polcra.<\/p>\n","protected":false},"featured_media":20501,"comment_status":"closed","ping_status":"closed","template":"","meta":{"inline_featured_image":false},"product_brand":[],"product_cat":[27,24,15,35],"product_tag":[],"class_list":{"0":"post-20500","1":"product","2":"type-product","3":"status-publish","4":"has-post-thumbnail","6":"product_cat-home","7":"product_cat-sale","8":"product_cat-uncategorized","9":"product_cat-fun","11":"first","12":"instock","13":"sale","14":"taxable","15":"shipping-taxable","16":"purchasable","17":"product-type-simple"},"acf":[],"_links":{"self":[{"href":"https:\/\/linoexpress.com\/hu\/wp-json\/wp\/v2\/product\/20500","targetHints":{"allow":["GET"]}}],"collection":[{"href":"https:\/\/linoexpress.com\/hu\/wp-json\/wp\/v2\/product"}],"about":[{"href":"https:\/\/linoexpress.com\/hu\/wp-json\/wp\/v2\/types\/product"}],"replies":[{"embeddable":true,"href":"https:\/\/linoexpress.com\/hu\/wp-json\/wp\/v2\/comments?post=20500"}],"wp:featuredmedia":[{"embeddable":true,"href":"https:\/\/linoexpress.com\/hu\/wp-json\/wp\/v2\/media\/20501"}],"wp:attachment":[{"href":"https:\/\/linoexpress.com\/hu\/wp-json\/wp\/v2\/media?parent=20500"}],"wp:term":[{"taxonomy":"product_brand","embeddable":true,"href":"https:\/\/linoexpress.com\/hu\/wp-json\/wp\/v2\/product_brand?post=20500"},{"taxonomy":"product_cat","embeddable":true,"href":"https:\/\/linoexpress.com\/hu\/wp-json\/wp\/v2\/product_cat?post=20500"},{"taxonomy":"product_tag","embeddable":true,"href":"https:\/\/linoexpress.com\/hu\/wp-json\/wp\/v2\/product_tag?post=20500"}],"curies":[{"name":"wp","href":"https:\/\/api.w.org\/{rel}","templated":true}]}}