{"id":20565,"date":"2025-11-11T07:08:15","date_gmt":"2025-11-11T06:08:15","guid":{"rendered":"https:\/\/linoexpress.com\/hu\/termek\/watest-product\/"},"modified":"2026-03-11T00:18:43","modified_gmt":"2026-03-10T23:18:43","slug":"vizteszter","status":"publish","type":"product","link":"https:\/\/linoexpress.com\/hu\/termek\/vizteszter\/","title":{"rendered":"V\u00edzteszter"},"content":{"rendered":"","protected":false},"excerpt":{"rendered":"<p>Digit\u00e1lis v\u00edzteszter a v\u00edzmin\u0151s\u00e9g gyors \u00e9s pontos leolvas\u00e1s\u00e1hoz.<br \/>\nVal\u00f3s id\u0151ben mutatja a TDS-t, a vezet\u0151k\u00e9pess\u00e9get \u00e9s a h\u0151m\u00e9rs\u00e9kletet.<br \/>\nAlkalmas h\u00e1ztart\u00e1sok, hidrop\u00f3ni\u00e1s kult\u00far\u00e1k \u00e9s medenc\u00e9k sz\u00e1m\u00e1ra.<\/p>\n","protected":false},"featured_media":20566,"comment_status":"closed","ping_status":"closed","template":"","meta":{"inline_featured_image":false},"product_brand":[],"product_cat":[27,15,35,26],"product_tag":[],"class_list":{"0":"post-20565","1":"product","2":"type-product","3":"status-publish","4":"has-post-thumbnail","6":"product_cat-home","7":"product_cat-uncategorized","8":"product_cat-fun","9":"product_cat-health","11":"first","12":"instock","13":"sale","14":"taxable","15":"shipping-taxable","16":"purchasable","17":"product-type-simple"},"acf":[],"_links":{"self":[{"href":"https:\/\/linoexpress.com\/hu\/wp-json\/wp\/v2\/product\/20565","targetHints":{"allow":["GET"]}}],"collection":[{"href":"https:\/\/linoexpress.com\/hu\/wp-json\/wp\/v2\/product"}],"about":[{"href":"https:\/\/linoexpress.com\/hu\/wp-json\/wp\/v2\/types\/product"}],"replies":[{"embeddable":true,"href":"https:\/\/linoexpress.com\/hu\/wp-json\/wp\/v2\/comments?post=20565"}],"wp:featuredmedia":[{"embeddable":true,"href":"https:\/\/linoexpress.com\/hu\/wp-json\/wp\/v2\/media\/20566"}],"wp:attachment":[{"href":"https:\/\/linoexpress.com\/hu\/wp-json\/wp\/v2\/media?parent=20565"}],"wp:term":[{"taxonomy":"product_brand","embeddable":true,"href":"https:\/\/linoexpress.com\/hu\/wp-json\/wp\/v2\/product_brand?post=20565"},{"taxonomy":"product_cat","embeddable":true,"href":"https:\/\/linoexpress.com\/hu\/wp-json\/wp\/v2\/product_cat?post=20565"},{"taxonomy":"product_tag","embeddable":true,"href":"https:\/\/linoexpress.com\/hu\/wp-json\/wp\/v2\/product_tag?post=20565"}],"curies":[{"name":"wp","href":"https:\/\/api.w.org\/{rel}","templated":true}]}}