{"id":20605,"date":"2025-11-12T11:50:55","date_gmt":"2025-11-12T10:50:55","guid":{"rendered":"https:\/\/linoexpress.com\/hu\/termek\/ulrep-product\/"},"modified":"2026-03-11T00:16:59","modified_gmt":"2026-03-10T23:16:59","slug":"ultrahangos-ragcsalovedelem","status":"publish","type":"product","link":"https:\/\/linoexpress.com\/hu\/termek\/ultrahangos-ragcsalovedelem\/","title":{"rendered":"Ultrahangos r\u00e1gcs\u00e1l\u00f3v\u00e9delem"},"content":{"rendered":"","protected":false},"excerpt":{"rendered":"<p>Elektronikus eszk\u00f6z, amely ultrahangos hanghull\u00e1mokkal tasz\u00edtja el az egereket \u00e9s m\u00e1s r\u00e1gcs\u00e1l\u00f3kat.<br \/>\nAz emberi f\u00fcl sz\u00e1m\u00e1ra \u00e9szrevehetetlen, de a r\u00e1gcs\u00e1l\u00f3k sz\u00e1m\u00e1ra k\u00e9nyelmetlens\u00e9get \u00e9s tasz\u00edt\u00e1st okoz.<br \/>\nEgyszer\u0171en haszn\u00e1lhat\u00f3 \u00e9s biztons\u00e1gos emberek \u00e9s h\u00e1zi\u00e1llatok sz\u00e1m\u00e1ra.<\/p>\n","protected":false},"featured_media":20606,"comment_status":"closed","ping_status":"closed","template":"","meta":{"inline_featured_image":false},"product_brand":[],"product_cat":[27,24,15,26],"product_tag":[],"class_list":{"0":"post-20605","1":"product","2":"type-product","3":"status-publish","4":"has-post-thumbnail","6":"product_cat-home","7":"product_cat-sale","8":"product_cat-uncategorized","9":"product_cat-health","11":"first","12":"instock","13":"sale","14":"taxable","15":"shipping-taxable","16":"purchasable","17":"product-type-simple"},"acf":[],"_links":{"self":[{"href":"https:\/\/linoexpress.com\/hu\/wp-json\/wp\/v2\/product\/20605","targetHints":{"allow":["GET"]}}],"collection":[{"href":"https:\/\/linoexpress.com\/hu\/wp-json\/wp\/v2\/product"}],"about":[{"href":"https:\/\/linoexpress.com\/hu\/wp-json\/wp\/v2\/types\/product"}],"replies":[{"embeddable":true,"href":"https:\/\/linoexpress.com\/hu\/wp-json\/wp\/v2\/comments?post=20605"}],"wp:featuredmedia":[{"embeddable":true,"href":"https:\/\/linoexpress.com\/hu\/wp-json\/wp\/v2\/media\/20606"}],"wp:attachment":[{"href":"https:\/\/linoexpress.com\/hu\/wp-json\/wp\/v2\/media?parent=20605"}],"wp:term":[{"taxonomy":"product_brand","embeddable":true,"href":"https:\/\/linoexpress.com\/hu\/wp-json\/wp\/v2\/product_brand?post=20605"},{"taxonomy":"product_cat","embeddable":true,"href":"https:\/\/linoexpress.com\/hu\/wp-json\/wp\/v2\/product_cat?post=20605"},{"taxonomy":"product_tag","embeddable":true,"href":"https:\/\/linoexpress.com\/hu\/wp-json\/wp\/v2\/product_tag?post=20605"}],"curies":[{"name":"wp","href":"https:\/\/api.w.org\/{rel}","templated":true}]}}