{"id":20645,"date":"2025-11-13T17:04:20","date_gmt":"2025-11-13T16:04:20","guid":{"rendered":"https:\/\/linoexpress.com\/hu\/termek\/zp20-product\/"},"modified":"2026-03-11T00:15:09","modified_gmt":"2026-03-10T23:15:09","slug":"turbo-dupla-fali-tolto-20w","status":"publish","type":"product","link":"https:\/\/linoexpress.com\/hu\/termek\/turbo-dupla-fali-tolto-20w\/","title":{"rendered":"Turbo dupla fali t\u00f6lt\u0151 20W"},"content":{"rendered":"","protected":false},"excerpt":{"rendered":"<p>T\u00f6ltse fel gyorsan az \u00f6sszes eszk\u00f6z\u00e9t a Turbo dupla fali t\u00f6lt\u0151vel 20W. Kompakt, megb\u00edzhat\u00f3 \u00e9s okos \u2013 ez a t\u00f6lt\u0151 fejlett technol\u00f3gi\u00e1t haszn\u00e1l a telefonok, t\u00e1blag\u00e9pek, konzolok \u00e9s m\u00e1s eszk\u00f6z\u00f6k gyors \u00e9s biztons\u00e1gos t\u00f6lt\u00e9s\u00e9hez. A be\u00e9p\u00edtett visszah\u00fazhat\u00f3 k\u00e1bel \u00e9s a t\u00f6bbr\u00e9teg\u0171 v\u00e9delem praktikuss\u00e1 teszi minden alkalomra: otthon, munkahelyen vagy \u00fatk\u00f6zben.<\/p>\n","protected":false},"featured_media":20647,"comment_status":"closed","ping_status":"closed","template":"","meta":{"inline_featured_image":false},"product_brand":[],"product_cat":[27,24,15,35],"product_tag":[],"class_list":{"0":"post-20645","1":"product","2":"type-product","3":"status-publish","4":"has-post-thumbnail","6":"product_cat-home","7":"product_cat-sale","8":"product_cat-uncategorized","9":"product_cat-fun","11":"first","12":"instock","13":"sale","14":"taxable","15":"shipping-taxable","16":"purchasable","17":"product-type-simple"},"acf":[],"_links":{"self":[{"href":"https:\/\/linoexpress.com\/hu\/wp-json\/wp\/v2\/product\/20645","targetHints":{"allow":["GET"]}}],"collection":[{"href":"https:\/\/linoexpress.com\/hu\/wp-json\/wp\/v2\/product"}],"about":[{"href":"https:\/\/linoexpress.com\/hu\/wp-json\/wp\/v2\/types\/product"}],"replies":[{"embeddable":true,"href":"https:\/\/linoexpress.com\/hu\/wp-json\/wp\/v2\/comments?post=20645"}],"wp:featuredmedia":[{"embeddable":true,"href":"https:\/\/linoexpress.com\/hu\/wp-json\/wp\/v2\/media\/20647"}],"wp:attachment":[{"href":"https:\/\/linoexpress.com\/hu\/wp-json\/wp\/v2\/media?parent=20645"}],"wp:term":[{"taxonomy":"product_brand","embeddable":true,"href":"https:\/\/linoexpress.com\/hu\/wp-json\/wp\/v2\/product_brand?post=20645"},{"taxonomy":"product_cat","embeddable":true,"href":"https:\/\/linoexpress.com\/hu\/wp-json\/wp\/v2\/product_cat?post=20645"},{"taxonomy":"product_tag","embeddable":true,"href":"https:\/\/linoexpress.com\/hu\/wp-json\/wp\/v2\/product_tag?post=20645"}],"curies":[{"name":"wp","href":"https:\/\/api.w.org\/{rel}","templated":true}]}}