{"id":20719,"date":"2025-11-17T14:03:47","date_gmt":"2025-11-17T13:03:47","guid":{"rendered":"https:\/\/linoexpress.com\/hu\/termek\/belt-product\/"},"modified":"2026-03-11T00:14:49","modified_gmt":"2026-03-10T23:14:49","slug":"belt-product","status":"publish","type":"product","link":"https:\/\/linoexpress.com\/hu\/termek\/belt-product\/","title":{"rendered":"Helyes testtart\u00e1s \u00f6v"},"content":{"rendered":"","protected":false},"excerpt":{"rendered":"<p>Jav\u00edtsd ki a testtart\u00e1sodat, \u00e9s tehermentes\u00edtsd a h\u00e1tadat a k\u00f6nny\u0171 \u00e9s l\u00e9g\u00e1tereszt\u0151 \u00f6v k\u00e9nyelm\u00e9vel. Ide\u00e1lis mindennapi haszn\u00e1latra, ak\u00e1r dolgozol, vezetsz vagy mozogsz. Diszkr\u00e9t, praktikus \u00e9s \u00e1ll\u00edthat\u00f3, t\u00e1mogat\u00e1st ny\u00fajt a mozg\u00e1s korl\u00e1toz\u00e1sa n\u00e9lk\u00fcl.<\/p>\n","protected":false},"featured_media":20720,"comment_status":"closed","ping_status":"closed","template":"","meta":{"inline_featured_image":false},"product_brand":[],"product_cat":[25,27,28,15,26],"product_tag":[],"class_list":{"0":"post-20719","1":"product","2":"type-product","3":"status-publish","4":"has-post-thumbnail","6":"product_cat-car","7":"product_cat-home","8":"product_cat-beauty","9":"product_cat-uncategorized","10":"product_cat-health","12":"first","13":"instock","14":"sale","15":"taxable","16":"shipping-taxable","17":"purchasable","18":"product-type-simple"},"acf":[],"_links":{"self":[{"href":"https:\/\/linoexpress.com\/hu\/wp-json\/wp\/v2\/product\/20719","targetHints":{"allow":["GET"]}}],"collection":[{"href":"https:\/\/linoexpress.com\/hu\/wp-json\/wp\/v2\/product"}],"about":[{"href":"https:\/\/linoexpress.com\/hu\/wp-json\/wp\/v2\/types\/product"}],"replies":[{"embeddable":true,"href":"https:\/\/linoexpress.com\/hu\/wp-json\/wp\/v2\/comments?post=20719"}],"wp:featuredmedia":[{"embeddable":true,"href":"https:\/\/linoexpress.com\/hu\/wp-json\/wp\/v2\/media\/20720"}],"wp:attachment":[{"href":"https:\/\/linoexpress.com\/hu\/wp-json\/wp\/v2\/media?parent=20719"}],"wp:term":[{"taxonomy":"product_brand","embeddable":true,"href":"https:\/\/linoexpress.com\/hu\/wp-json\/wp\/v2\/product_brand?post=20719"},{"taxonomy":"product_cat","embeddable":true,"href":"https:\/\/linoexpress.com\/hu\/wp-json\/wp\/v2\/product_cat?post=20719"},{"taxonomy":"product_tag","embeddable":true,"href":"https:\/\/linoexpress.com\/hu\/wp-json\/wp\/v2\/product_tag?post=20719"}],"curies":[{"name":"wp","href":"https:\/\/api.w.org\/{rel}","templated":true}]}}