{"id":21860,"date":"2025-12-10T06:44:09","date_gmt":"2025-12-10T05:44:09","guid":{"rendered":"https:\/\/linoexpress.com\/hu\/termek\/sn-mask-product\/"},"modified":"2025-12-11T14:48:22","modified_gmt":"2025-12-11T13:48:22","slug":"havas-ninja-maszk","status":"publish","type":"product","link":"https:\/\/linoexpress.com\/hu\/termek\/havas-ninja-maszk\/","title":{"rendered":"Havas Ninja maszk"},"content":{"rendered":"","protected":false},"excerpt":{"rendered":"<p>A H\u00f3 Ninja maszk a hegyoldalak n\u00e9lk\u00fcl\u00f6zhetetlen sz\u00f6vets\u00e9gese! Egyes\u00edti a v\u00e9delmet, a k\u00e9nyelmet \u00e9s a st\u00edlust egyben. Ez a multifunkcion\u00e1lis maszk levehet\u0151 arcv\u00e9d\u0151vel \u00e9s p\u00e1ramentes szem\u00fcveggel \u00e9rkezik, amelyek tiszta l\u00e1t\u00e1st \u00e9s teljes v\u00e9delmet ny\u00fajtanak a sz\u00e9l, h\u00f3 \u00e9s UV sugarak ellen. T\u00f6k\u00e9letes s\u00edel\u00e9shez, snowboardoz\u00e1shoz vagy b\u00e1rmilyen t\u00e9li kalandhoz!<\/p>\n","protected":false},"featured_media":21861,"comment_status":"closed","ping_status":"closed","template":"","meta":{"inline_featured_image":false},"product_brand":[],"product_cat":[24,15,35],"product_tag":[],"class_list":{"0":"post-21860","1":"product","2":"type-product","3":"status-publish","4":"has-post-thumbnail","6":"product_cat-sale","7":"product_cat-uncategorized","8":"product_cat-fun","10":"first","11":"instock","12":"sale","13":"taxable","14":"shipping-taxable","15":"purchasable","16":"product-type-simple"},"acf":[],"_links":{"self":[{"href":"https:\/\/linoexpress.com\/hu\/wp-json\/wp\/v2\/product\/21860","targetHints":{"allow":["GET"]}}],"collection":[{"href":"https:\/\/linoexpress.com\/hu\/wp-json\/wp\/v2\/product"}],"about":[{"href":"https:\/\/linoexpress.com\/hu\/wp-json\/wp\/v2\/types\/product"}],"replies":[{"embeddable":true,"href":"https:\/\/linoexpress.com\/hu\/wp-json\/wp\/v2\/comments?post=21860"}],"wp:featuredmedia":[{"embeddable":true,"href":"https:\/\/linoexpress.com\/hu\/wp-json\/wp\/v2\/media\/21861"}],"wp:attachment":[{"href":"https:\/\/linoexpress.com\/hu\/wp-json\/wp\/v2\/media?parent=21860"}],"wp:term":[{"taxonomy":"product_brand","embeddable":true,"href":"https:\/\/linoexpress.com\/hu\/wp-json\/wp\/v2\/product_brand?post=21860"},{"taxonomy":"product_cat","embeddable":true,"href":"https:\/\/linoexpress.com\/hu\/wp-json\/wp\/v2\/product_cat?post=21860"},{"taxonomy":"product_tag","embeddable":true,"href":"https:\/\/linoexpress.com\/hu\/wp-json\/wp\/v2\/product_tag?post=21860"}],"curies":[{"name":"wp","href":"https:\/\/api.w.org\/{rel}","templated":true}]}}