{"id":22237,"date":"2025-12-15T11:55:34","date_gmt":"2025-12-15T10:55:34","guid":{"rendered":"https:\/\/linoexpress.com\/hu\/termek\/jazdog-product\/"},"modified":"2026-03-11T00:13:21","modified_gmt":"2026-03-10T23:13:21","slug":"intelligens-pluss-tacsko-kutya","status":"publish","type":"product","link":"https:\/\/linoexpress.com\/hu\/termek\/intelligens-pluss-tacsko-kutya\/","title":{"rendered":"Intelligens pl\u00fcss tacsk\u00f3 kutya"},"content":{"rendered":"","protected":false},"excerpt":{"rendered":"<p>Ismerje meg a pl\u00fcss h\u00e1zi\u00e1llatot, amely \u00fagy reag\u00e1l, mint egy igazi tacsk\u00f3.<\/p>\n<p>A mozg\u00e1s intelligens technol\u00f3gi\u00e1j\u00e1nak k\u00f6sz\u00f6nhet\u0151en felismeri az \u00e9rint\u00e9st, \u00e9s s\u00e9t\u00e1l\u00e1ssal, farkcs\u00f3v\u00e1l\u00e1ssal \u00e9s finom fejmozdulatokkal v\u00e1laszol.<\/p>\n<p>T\u00f6k\u00e9letes \u00e9rzelmi t\u00e1rs, aj\u00e1nd\u00e9k vagy vigasz minden otthonban.<\/p>\n","protected":false},"featured_media":22239,"comment_status":"closed","ping_status":"closed","template":"","meta":{"inline_featured_image":false},"product_brand":[],"product_cat":[27,24,15,35],"product_tag":[],"class_list":{"0":"post-22237","1":"product","2":"type-product","3":"status-publish","4":"has-post-thumbnail","6":"product_cat-home","7":"product_cat-sale","8":"product_cat-uncategorized","9":"product_cat-fun","11":"first","12":"instock","13":"sale","14":"taxable","15":"shipping-taxable","16":"purchasable","17":"product-type-simple"},"acf":[],"_links":{"self":[{"href":"https:\/\/linoexpress.com\/hu\/wp-json\/wp\/v2\/product\/22237","targetHints":{"allow":["GET"]}}],"collection":[{"href":"https:\/\/linoexpress.com\/hu\/wp-json\/wp\/v2\/product"}],"about":[{"href":"https:\/\/linoexpress.com\/hu\/wp-json\/wp\/v2\/types\/product"}],"replies":[{"embeddable":true,"href":"https:\/\/linoexpress.com\/hu\/wp-json\/wp\/v2\/comments?post=22237"}],"wp:featuredmedia":[{"embeddable":true,"href":"https:\/\/linoexpress.com\/hu\/wp-json\/wp\/v2\/media\/22239"}],"wp:attachment":[{"href":"https:\/\/linoexpress.com\/hu\/wp-json\/wp\/v2\/media?parent=22237"}],"wp:term":[{"taxonomy":"product_brand","embeddable":true,"href":"https:\/\/linoexpress.com\/hu\/wp-json\/wp\/v2\/product_brand?post=22237"},{"taxonomy":"product_cat","embeddable":true,"href":"https:\/\/linoexpress.com\/hu\/wp-json\/wp\/v2\/product_cat?post=22237"},{"taxonomy":"product_tag","embeddable":true,"href":"https:\/\/linoexpress.com\/hu\/wp-json\/wp\/v2\/product_tag?post=22237"}],"curies":[{"name":"wp","href":"https:\/\/api.w.org\/{rel}","templated":true}]}}